{"id":646871,"date":"2022-10-19T15:39:36","date_gmt":"2022-10-19T12:39:36","guid":{"rendered":"http:\/\/games.tactic.net\/tuote\/ducati-scrambler-full-throttle\/"},"modified":"2025-01-29T10:53:29","modified_gmt":"2025-01-29T08:53:29","slug":"ducati-scrambler-full-throttle","status":"archive","type":"product","link":"https:\/\/games.tactic.net\/no\/tuote\/ducati-scrambler-full-throttle\/","title":{"rendered":"Scrambler Ducati FT med driver"},"content":{"rendered":"<p>Mange anser motorsykkelkj\u00f8ring som en ren lidenskap, og Ducati produserer f\u00f8lelser! Dette er en uttalelse som gjenspeiles i enhver modell laget av den italienske motorsykkelprodusenten. Ducati Scrambler Full Throttle er en ekte retrosykkel i flat track racerstil som har typiske, detaljerte elementer, som setet eller den korte eksosen. Modellen har ogs\u00e5 blitt utstyrt med funksjoner, som den styrbare gaffelen og den fj\u00e6rbelastede bakakselen. Raceren h\u00e5ndteres av en bworld-figur med autentiske kl\u00e6r, en matchende hjelm og hansker. Fra det omfattende BRUDER-utvalget kan du utmerket kombinere den med RAM 2500 Power Wagon med Scrambler Ducati Desert Sled eller bworld motorsykkelverksted.<\/p>\n","protected":false},"excerpt":{"rendered":"<p>Bruder<\/p>\n","protected":false},"featured_media":0,"template":"","meta":{"content-type":"","_monsterinsights_skip_tracking":false,"_monsterinsights_sitenote_active":false,"_monsterinsights_sitenote_note":"","_monsterinsights_sitenote_category":0},"product_brand":[],"product_cat":[1705],"product_tag":[],"brand":[],"target-group":[],"discontinued":[],"class_list":{"0":"post-646871","1":"product","2":"type-product","3":"status-archive","5":"product_cat-bruder-leker","7":"first","8":"outofstock","9":"taxable","10":"shipping-taxable","11":"product-type-simple"},"aioseo_notices":[],"_links":{"self":[{"href":"https:\/\/games.tactic.net\/no\/wp-json\/wp\/v2\/product\/646871","targetHints":{"allow":["GET"]}}],"collection":[{"href":"https:\/\/games.tactic.net\/no\/wp-json\/wp\/v2\/product"}],"about":[{"href":"https:\/\/games.tactic.net\/no\/wp-json\/wp\/v2\/types\/product"}],"wp:attachment":[{"href":"https:\/\/games.tactic.net\/no\/wp-json\/wp\/v2\/media?parent=646871"}],"wp:term":[{"taxonomy":"product_brand","embeddable":true,"href":"https:\/\/games.tactic.net\/no\/wp-json\/wp\/v2\/product_brand?post=646871"},{"taxonomy":"product_cat","embeddable":true,"href":"https:\/\/games.tactic.net\/no\/wp-json\/wp\/v2\/product_cat?post=646871"},{"taxonomy":"product_tag","embeddable":true,"href":"https:\/\/games.tactic.net\/no\/wp-json\/wp\/v2\/product_tag?post=646871"},{"taxonomy":"brand","embeddable":true,"href":"https:\/\/games.tactic.net\/no\/wp-json\/wp\/v2\/brand?post=646871"},{"taxonomy":"target-group","embeddable":true,"href":"https:\/\/games.tactic.net\/no\/wp-json\/wp\/v2\/target-group?post=646871"},{"taxonomy":"discontinued","embeddable":true,"href":"https:\/\/games.tactic.net\/no\/wp-json\/wp\/v2\/discontinued?post=646871"}],"curies":[{"name":"wp","href":"https:\/\/api.w.org\/{rel}","templated":true}]}}