{"id":646345,"date":"2022-10-19T15:34:18","date_gmt":"2022-10-19T12:34:18","guid":{"rendered":"http:\/\/games.tactic.net\/tuote\/bworld-gardener-with-lawn-mower-and-equipment\/"},"modified":"2023-10-20T15:29:47","modified_gmt":"2023-10-20T12:29:47","slug":"bworld-gardener-with-lawn-mower-and-equipment","status":"publish","type":"product","link":"https:\/\/games.tactic.net\/no\/tuote\/bworld-gardener-with-lawn-mower-and-equipment\/","title":{"rendered":"bworld Gartner med gressklipper og utstyr"},"content":{"rendered":"<p>Anleggsgartneraktiviteter er sv\u00e6rt varierte. Klipping av hekker og tr\u00e6r, stelle bed og klippe plener er bare noen av oppgavene de gj\u00f8r. De s\u00f8rger for at parker, parseller og gr\u00f8ntomr\u00e5der er godt vedlikeholdt. Barn kan n\u00e5 gjenskape disse interessante aktivitetene med den nye gartneren med gressklipper og hageutstyr. Bworld-gartneren er det perfekte tillegget til de mange kommersielle og kommunale kj\u00f8ret\u00f8yene fra BRUDER. Figuren med bevegelige kroppsdeler inkluderer en gressklipper, en rive og en rake.<\/p>\n","protected":false},"excerpt":{"rendered":"<p>Bruder<\/p>\n","protected":false},"featured_media":0,"template":"","meta":{"content-type":"","_monsterinsights_skip_tracking":false,"_monsterinsights_sitenote_active":false,"_monsterinsights_sitenote_note":"","_monsterinsights_sitenote_category":0},"product_brand":[],"product_cat":[1705],"product_tag":[],"brand":[],"target-group":[],"discontinued":[],"class_list":{"0":"post-646345","1":"product","2":"type-product","3":"status-publish","5":"product_cat-bruder-leker","7":"first","8":"instock","9":"taxable","10":"shipping-taxable","11":"product-type-simple"},"aioseo_notices":[],"_links":{"self":[{"href":"https:\/\/games.tactic.net\/no\/wp-json\/wp\/v2\/product\/646345","targetHints":{"allow":["GET"]}}],"collection":[{"href":"https:\/\/games.tactic.net\/no\/wp-json\/wp\/v2\/product"}],"about":[{"href":"https:\/\/games.tactic.net\/no\/wp-json\/wp\/v2\/types\/product"}],"wp:attachment":[{"href":"https:\/\/games.tactic.net\/no\/wp-json\/wp\/v2\/media?parent=646345"}],"wp:term":[{"taxonomy":"product_brand","embeddable":true,"href":"https:\/\/games.tactic.net\/no\/wp-json\/wp\/v2\/product_brand?post=646345"},{"taxonomy":"product_cat","embeddable":true,"href":"https:\/\/games.tactic.net\/no\/wp-json\/wp\/v2\/product_cat?post=646345"},{"taxonomy":"product_tag","embeddable":true,"href":"https:\/\/games.tactic.net\/no\/wp-json\/wp\/v2\/product_tag?post=646345"},{"taxonomy":"brand","embeddable":true,"href":"https:\/\/games.tactic.net\/no\/wp-json\/wp\/v2\/brand?post=646345"},{"taxonomy":"target-group","embeddable":true,"href":"https:\/\/games.tactic.net\/no\/wp-json\/wp\/v2\/target-group?post=646345"},{"taxonomy":"discontinued","embeddable":true,"href":"https:\/\/games.tactic.net\/no\/wp-json\/wp\/v2\/discontinued?post=646345"}],"curies":[{"name":"wp","href":"https:\/\/api.w.org\/{rel}","templated":true}]}}