{"id":646159,"date":"2022-10-19T15:33:13","date_gmt":"2022-10-19T12:33:13","guid":{"rendered":"http:\/\/games.tactic.net\/tuote\/ram-2500-police-truck-with-policeman\/"},"modified":"2023-10-20T16:55:45","modified_gmt":"2023-10-20T13:55:45","slug":"ram-2500-police-truck-with-policeman","status":"publish","type":"product","link":"https:\/\/games.tactic.net\/no\/tuote\/ram-2500-police-truck-with-policeman\/","title":{"rendered":"Dodge Ram 2500 Politibil med politimann"},"content":{"rendered":"<p>BRUDER-politiet tar det til neste niv\u00e5. BRUDER n\u00f8detater vil n\u00e5 ogs\u00e5 kunne politi i vanskelig tilgjengelig terreng utenfor bygrensene takket v\u00e6re en 4&#215;4 politi pick-up. Servicebilen er basert p\u00e5 den velkjente RAM 2500 og den har den tiltalende og sl\u00e5ende fargedesignen som mest av alt er typisk i USA, samt en lys- og lydmodul montert p\u00e5 taket. Akkurat som den ekte varen har leket\u00f8yet et mannskapsf\u00f8rerhus med fire d\u00f8rer. Alle d\u00f8rer \u00e5pnes for \u00e5 romme fire bworld-figurer. Denne modellen i skala 1:16 har fj\u00e6ring p\u00e5 begge aksler for \u00e5 gi kj\u00f8rekomfort og offroad-evne. I denne sammenhengen kan forakselen styres ved hjelp av den medf\u00f8lgende rattforlengeren. Bakluken \u00e5pnes for \u00e5 transportere den under lek. Den inkluderte politimannen er utmerket utstyrt og forberedt for en rekke potensielle utplasseringer. Bworld politistasjonen og Jeep Rubicon Unlimited som politikj\u00f8ret\u00f8y fra v\u00e5rt imponerende utvalg av utrykningskj\u00f8ret\u00f8y og figurer er spesielt passende tillegg.<\/p>\n","protected":false},"excerpt":{"rendered":"<p>Bruder<\/p>\n","protected":false},"featured_media":0,"template":"","meta":{"content-type":"","_monsterinsights_skip_tracking":false,"_monsterinsights_sitenote_active":false,"_monsterinsights_sitenote_note":"","_monsterinsights_sitenote_category":0},"product_brand":[],"product_cat":[1705],"product_tag":[],"brand":[],"target-group":[],"discontinued":[],"class_list":{"0":"post-646159","1":"product","2":"type-product","3":"status-publish","5":"product_cat-bruder-leker","7":"first","8":"instock","9":"taxable","10":"shipping-taxable","11":"product-type-simple"},"aioseo_notices":[],"_links":{"self":[{"href":"https:\/\/games.tactic.net\/no\/wp-json\/wp\/v2\/product\/646159","targetHints":{"allow":["GET"]}}],"collection":[{"href":"https:\/\/games.tactic.net\/no\/wp-json\/wp\/v2\/product"}],"about":[{"href":"https:\/\/games.tactic.net\/no\/wp-json\/wp\/v2\/types\/product"}],"wp:attachment":[{"href":"https:\/\/games.tactic.net\/no\/wp-json\/wp\/v2\/media?parent=646159"}],"wp:term":[{"taxonomy":"product_brand","embeddable":true,"href":"https:\/\/games.tactic.net\/no\/wp-json\/wp\/v2\/product_brand?post=646159"},{"taxonomy":"product_cat","embeddable":true,"href":"https:\/\/games.tactic.net\/no\/wp-json\/wp\/v2\/product_cat?post=646159"},{"taxonomy":"product_tag","embeddable":true,"href":"https:\/\/games.tactic.net\/no\/wp-json\/wp\/v2\/product_tag?post=646159"},{"taxonomy":"brand","embeddable":true,"href":"https:\/\/games.tactic.net\/no\/wp-json\/wp\/v2\/brand?post=646159"},{"taxonomy":"target-group","embeddable":true,"href":"https:\/\/games.tactic.net\/no\/wp-json\/wp\/v2\/target-group?post=646159"},{"taxonomy":"discontinued","embeddable":true,"href":"https:\/\/games.tactic.net\/no\/wp-json\/wp\/v2\/discontinued?post=646159"}],"curies":[{"name":"wp","href":"https:\/\/api.w.org\/{rel}","templated":true}]}}