{"id":645234,"date":"2022-10-19T15:16:55","date_gmt":"2022-10-19T12:16:55","guid":{"rendered":"http:\/\/games.tactic.net\/tuote\/claas-axion-950-with-frontloader\/"},"modified":"2023-10-20T15:40:12","modified_gmt":"2023-10-20T12:40:12","slug":"claas-axion-950-with-frontloader","status":"publish","type":"product","link":"https:\/\/games.tactic.net\/no\/tuote\/claas-axion-950-with-frontloader\/","title":{"rendered":"Claas Axion 950 med frontlaster"},"content":{"rendered":"<p>Claas Axion 950, her utstyrt med en slip-on frontlaster, er den nyeste og innovative modellen fra denne traktorprodusenten. Denne toppmodellen kjennetegnes av en lang akselavstand, overlegen vektfordeling og drift like praktisk som aldri f\u00f8r &#8211; denne modellen i skala 1:16 t\u00e5ler alt. F\u00f8rerhuset er helglass og har d\u00f8rer som er enkle \u00e5 \u00e5pne. Panseret kan \u00e5pnes for \u00e5 gi utsikt over den imponerende motoren. Utmerket h\u00e5ndtering og kj\u00f8rekomfort takket v\u00e6re den installerte oscillerende akselen samt rattforlengelsen som er satt inn gjennom taket. Den h\u00f8ydejusterbare bakkoblingen er kompatibel med alle tilhengere i pro-serien som ogs\u00e5 kan lastes med slip-on frontlasteren. De nye, avtakbare hjulene \u00f8ker moroa.<\/p>\n","protected":false},"excerpt":{"rendered":"<p>Bruder<\/p>\n","protected":false},"featured_media":0,"template":"","meta":{"content-type":"","_monsterinsights_skip_tracking":false,"_monsterinsights_sitenote_active":false,"_monsterinsights_sitenote_note":"","_monsterinsights_sitenote_category":0},"product_brand":[],"product_cat":[1705],"product_tag":[],"brand":[],"target-group":[],"discontinued":[],"class_list":{"0":"post-645234","1":"product","2":"type-product","3":"status-publish","5":"product_cat-bruder-leker","7":"first","8":"instock","9":"taxable","10":"shipping-taxable","11":"product-type-simple"},"aioseo_notices":[],"_links":{"self":[{"href":"https:\/\/games.tactic.net\/no\/wp-json\/wp\/v2\/product\/645234","targetHints":{"allow":["GET"]}}],"collection":[{"href":"https:\/\/games.tactic.net\/no\/wp-json\/wp\/v2\/product"}],"about":[{"href":"https:\/\/games.tactic.net\/no\/wp-json\/wp\/v2\/types\/product"}],"wp:attachment":[{"href":"https:\/\/games.tactic.net\/no\/wp-json\/wp\/v2\/media?parent=645234"}],"wp:term":[{"taxonomy":"product_brand","embeddable":true,"href":"https:\/\/games.tactic.net\/no\/wp-json\/wp\/v2\/product_brand?post=645234"},{"taxonomy":"product_cat","embeddable":true,"href":"https:\/\/games.tactic.net\/no\/wp-json\/wp\/v2\/product_cat?post=645234"},{"taxonomy":"product_tag","embeddable":true,"href":"https:\/\/games.tactic.net\/no\/wp-json\/wp\/v2\/product_tag?post=645234"},{"taxonomy":"brand","embeddable":true,"href":"https:\/\/games.tactic.net\/no\/wp-json\/wp\/v2\/brand?post=645234"},{"taxonomy":"target-group","embeddable":true,"href":"https:\/\/games.tactic.net\/no\/wp-json\/wp\/v2\/target-group?post=645234"},{"taxonomy":"discontinued","embeddable":true,"href":"https:\/\/games.tactic.net\/no\/wp-json\/wp\/v2\/discontinued?post=645234"}],"curies":[{"name":"wp","href":"https:\/\/api.w.org\/{rel}","templated":true}]}}