{"id":645147,"date":"2022-10-19T15:13:48","date_gmt":"2022-10-19T12:13:48","guid":{"rendered":"http:\/\/games.tactic.net\/tuote\/jeep-wrangler-unlimited-rubicon-police-vehicle-wit\/"},"modified":"2023-10-20T16:01:27","modified_gmt":"2023-10-20T13:01:27","slug":"jeep-wrangler-unlimited-rubicon-police-vehicle-wit","status":"publish","type":"product","link":"https:\/\/games.tactic.net\/no\/tuote\/jeep-wrangler-unlimited-rubicon-police-vehicle-wit\/","title":{"rendered":"Jeep Wrangler Rubicon Unlimited politibil med politimann og tilbeh\u00f8r"},"content":{"rendered":"<p>BRUDER-produktutvalget er sv\u00e6rt omfattende. Tallrike kj\u00f8ret\u00f8y for konstruksjon, n\u00f8detater, nyttekj\u00f8ret\u00f8y, fritid, landbruk og skogbruk er verdsatt over hele verden takket v\u00e6re deres spennende lekeverdener i skala 1:16. Akkurat som i det virkelige liv betyr en \u00f8kende mengde trafikk med BRUDER-kj\u00f8ret\u00f8yer at trafikkbruddene \u00f8ker. Av denne grunn har bworld n\u00e5 ogs\u00e5 en politistyrke for \u00e5 h\u00e5ndheve lov og orden. Servicebilen er basert p\u00e5 den velkjente Jeep Wrangler Unlimited og den har den tiltalende og sl\u00e5ende fargedesignen som er typisk i USA, samt en varsellysmodul montert p\u00e5 taket. Jeep Wrangler Unlimited Rubicon er designet som et politikj\u00f8ret\u00f8y, og den har utallige funksjoner for \u00e5 muliggj\u00f8re nesten ubegrenset moro og lek. I tillegg til det todelte, avtakbare segmenttaket, \u00e5pnes panseret, bakd\u00f8ren og alle fire sided\u00f8rer. Det sier seg selv at kj\u00f8ret\u00f8yet gir nok plass p\u00e5 innsiden til fire BRUDER bworld-figurer. Alternativt kan baksetet fjernes for \u00e5 skape plass til tilbeh\u00f8r som er kompatibelt med BRUDER standard koblinger i lasteomr\u00e5det. Det ekstra rattet er ment \u00e5 lette styringen gjennom takluken, og hvis det ikke er n\u00f8dvendig, kan den oppbevares i kj\u00f8ret\u00f8yets understell. Akslene har typisk fj\u00e6ring for terrengkj\u00f8ret\u00f8y og slitebanedekk med hjul i tiltalende SUV-design.  Politiversjonen av Jeep-modellen har en nyutviklet lys- og lydmodul med fire funksjonelle knapper (1. motorlyd, 2. politisirene, 3. brannvesenets sirene, 4. ropesignal). Bworld politimannen er fullt utstyrt for \u00e5 forsterke autoriteten. Midjebeltet har viktige verkt\u00f8y for det daglige politiarbeidet, for eksempel en lommelykt og en radioenhet.<\/p>\n","protected":false},"excerpt":{"rendered":"<p>Bruder<\/p>\n","protected":false},"featured_media":0,"template":"","meta":{"content-type":"","_monsterinsights_skip_tracking":false,"_monsterinsights_sitenote_active":false,"_monsterinsights_sitenote_note":"","_monsterinsights_sitenote_category":0},"product_brand":[],"product_cat":[1705],"product_tag":[],"brand":[],"target-group":[],"discontinued":[],"class_list":{"0":"post-645147","1":"product","2":"type-product","3":"status-publish","5":"product_cat-bruder-leker","7":"first","8":"instock","9":"taxable","10":"shipping-taxable","11":"product-type-simple"},"aioseo_notices":[],"_links":{"self":[{"href":"https:\/\/games.tactic.net\/no\/wp-json\/wp\/v2\/product\/645147","targetHints":{"allow":["GET"]}}],"collection":[{"href":"https:\/\/games.tactic.net\/no\/wp-json\/wp\/v2\/product"}],"about":[{"href":"https:\/\/games.tactic.net\/no\/wp-json\/wp\/v2\/types\/product"}],"wp:attachment":[{"href":"https:\/\/games.tactic.net\/no\/wp-json\/wp\/v2\/media?parent=645147"}],"wp:term":[{"taxonomy":"product_brand","embeddable":true,"href":"https:\/\/games.tactic.net\/no\/wp-json\/wp\/v2\/product_brand?post=645147"},{"taxonomy":"product_cat","embeddable":true,"href":"https:\/\/games.tactic.net\/no\/wp-json\/wp\/v2\/product_cat?post=645147"},{"taxonomy":"product_tag","embeddable":true,"href":"https:\/\/games.tactic.net\/no\/wp-json\/wp\/v2\/product_tag?post=645147"},{"taxonomy":"brand","embeddable":true,"href":"https:\/\/games.tactic.net\/no\/wp-json\/wp\/v2\/brand?post=645147"},{"taxonomy":"target-group","embeddable":true,"href":"https:\/\/games.tactic.net\/no\/wp-json\/wp\/v2\/target-group?post=645147"},{"taxonomy":"discontinued","embeddable":true,"href":"https:\/\/games.tactic.net\/no\/wp-json\/wp\/v2\/discontinued?post=645147"}],"curies":[{"name":"wp","href":"https:\/\/api.w.org\/{rel}","templated":true}]}}