{"id":636374,"date":"2022-10-04T09:52:14","date_gmt":"2022-10-04T06:52:14","guid":{"rendered":"http:\/\/games.tactic.net\/tuote\/trendy-donkey-balance-game\/"},"modified":"2023-10-25T14:00:24","modified_gmt":"2023-10-25T11:00:24","slug":"trendy-donkey-balance-game","status":"publish","type":"product","link":"https:\/\/games.tactic.net\/no\/tuote\/trendy-donkey-balance-game\/","title":{"rendered":"Trendy Donkey Balance board game"},"content":{"rendered":"<p>Less p\u00e5 eselet! Plasser en pinne om gangen p\u00e5 eselet \u2013 men v\u00e6r forsiktig fordi du m\u00e5 plukke opp eventuelle pinner som faller av. Dette klassiske spillet krever st\u00f8dige hender, men tilbyr ubegrenset moro for spillere i alle aldre! &#8211; Alle spillets deler er av tre! &#8211; Et klassisk spillkonsept for alle aldre.<\/p>\n","protected":false},"excerpt":{"rendered":"<p>Less p\u00e5 eselet! Plasser en pinne om gangen p\u00e5 eselet \u2013 men v\u00e6r forsiktig fordi du m\u00e5 plukke opp eventuelle pinner som faller av. Dette klassiske spillet krever st\u00f8dige hender, men tilbyr ubegrenset moro for spillere i alle aldre!<\/p>\n","protected":false},"featured_media":0,"template":"","meta":{"content-type":"","_monsterinsights_skip_tracking":false,"_monsterinsights_sitenote_active":false,"_monsterinsights_sitenote_note":"","_monsterinsights_sitenote_category":0},"product_brand":[],"product_cat":[1649],"product_tag":[],"brand":[],"target-group":[],"discontinued":[],"class_list":{"0":"post-636374","1":"product","2":"type-product","3":"status-publish","5":"product_cat-barnespill-barnespill","7":"first","8":"instock","9":"taxable","10":"shipping-taxable","11":"product-type-simple"},"aioseo_notices":[],"_links":{"self":[{"href":"https:\/\/games.tactic.net\/no\/wp-json\/wp\/v2\/product\/636374","targetHints":{"allow":["GET"]}}],"collection":[{"href":"https:\/\/games.tactic.net\/no\/wp-json\/wp\/v2\/product"}],"about":[{"href":"https:\/\/games.tactic.net\/no\/wp-json\/wp\/v2\/types\/product"}],"wp:attachment":[{"href":"https:\/\/games.tactic.net\/no\/wp-json\/wp\/v2\/media?parent=636374"}],"wp:term":[{"taxonomy":"product_brand","embeddable":true,"href":"https:\/\/games.tactic.net\/no\/wp-json\/wp\/v2\/product_brand?post=636374"},{"taxonomy":"product_cat","embeddable":true,"href":"https:\/\/games.tactic.net\/no\/wp-json\/wp\/v2\/product_cat?post=636374"},{"taxonomy":"product_tag","embeddable":true,"href":"https:\/\/games.tactic.net\/no\/wp-json\/wp\/v2\/product_tag?post=636374"},{"taxonomy":"brand","embeddable":true,"href":"https:\/\/games.tactic.net\/no\/wp-json\/wp\/v2\/brand?post=636374"},{"taxonomy":"target-group","embeddable":true,"href":"https:\/\/games.tactic.net\/no\/wp-json\/wp\/v2\/target-group?post=636374"},{"taxonomy":"discontinued","embeddable":true,"href":"https:\/\/games.tactic.net\/no\/wp-json\/wp\/v2\/discontinued?post=636374"}],"curies":[{"name":"wp","href":"https:\/\/api.w.org\/{rel}","templated":true}]}}