{"id":636345,"date":"2022-10-04T09:45:56","date_gmt":"2022-10-04T06:45:56","guid":{"rendered":"http:\/\/games.tactic.net\/tuote\/trendy-rainbow-tower\/"},"modified":"2023-10-25T14:01:33","modified_gmt":"2023-10-25T11:01:33","slug":"trendy-rainbow-tower","status":"publish","type":"product","link":"https:\/\/games.tactic.net\/no\/tuote\/trendy-rainbow-tower\/","title":{"rendered":"Trendy Rainbow Tower board game"},"content":{"rendered":"<p>Ikke la t\u00e5rnet falle! I dette spiller trekker spillerne forsiktig vekk klosser fra t\u00e5rnet og plasserer dem \u00f8verst, men det er en fargerik vri! Terningen forteller deg hvilken farge det er p\u00e5 klossen du m\u00e5 flytte. Hold hendene st\u00f8dige og hodet kaldt, ellers kan t\u00e5rnet velte! &#8211; En elsket klassiker med en fargerik vri! &#8211; Perfekt for \u00e5 l\u00e6re \u00e5 gjenkjenne farger og romforst\u00e5else. &#8211; Alle spillets deler er av tre!<\/p>\n","protected":false},"excerpt":{"rendered":"<p>Ikke la t\u00e5rnet falle! I dette spiller trekker spillerne forsiktig vekk klosser fra t\u00e5rnet og plasserer dem \u00f8verst, men det er en fargerik vri! Terningen forteller deg hvilken farge det er p\u00e5 klossen du m\u00e5 flytte. Hold hendene st\u00f8dige og hodet kaldt, ellers kan t\u00e5rnet velte!<\/p>\n","protected":false},"featured_media":0,"template":"","meta":{"content-type":"","_monsterinsights_skip_tracking":false,"_monsterinsights_sitenote_active":false,"_monsterinsights_sitenote_note":"","_monsterinsights_sitenote_category":0},"product_brand":[],"product_cat":[1649],"product_tag":[],"brand":[],"target-group":[],"discontinued":[],"class_list":{"0":"post-636345","1":"product","2":"type-product","3":"status-publish","5":"product_cat-barnespill-barnespill","7":"first","8":"instock","9":"taxable","10":"shipping-taxable","11":"product-type-simple"},"aioseo_notices":[],"_links":{"self":[{"href":"https:\/\/games.tactic.net\/no\/wp-json\/wp\/v2\/product\/636345","targetHints":{"allow":["GET"]}}],"collection":[{"href":"https:\/\/games.tactic.net\/no\/wp-json\/wp\/v2\/product"}],"about":[{"href":"https:\/\/games.tactic.net\/no\/wp-json\/wp\/v2\/types\/product"}],"wp:attachment":[{"href":"https:\/\/games.tactic.net\/no\/wp-json\/wp\/v2\/media?parent=636345"}],"wp:term":[{"taxonomy":"product_brand","embeddable":true,"href":"https:\/\/games.tactic.net\/no\/wp-json\/wp\/v2\/product_brand?post=636345"},{"taxonomy":"product_cat","embeddable":true,"href":"https:\/\/games.tactic.net\/no\/wp-json\/wp\/v2\/product_cat?post=636345"},{"taxonomy":"product_tag","embeddable":true,"href":"https:\/\/games.tactic.net\/no\/wp-json\/wp\/v2\/product_tag?post=636345"},{"taxonomy":"brand","embeddable":true,"href":"https:\/\/games.tactic.net\/no\/wp-json\/wp\/v2\/brand?post=636345"},{"taxonomy":"target-group","embeddable":true,"href":"https:\/\/games.tactic.net\/no\/wp-json\/wp\/v2\/target-group?post=636345"},{"taxonomy":"discontinued","embeddable":true,"href":"https:\/\/games.tactic.net\/no\/wp-json\/wp\/v2\/discontinued?post=636345"}],"curies":[{"name":"wp","href":"https:\/\/api.w.org\/{rel}","templated":true}]}}