{"id":633319,"date":"2022-09-27T11:24:17","date_gmt":"2022-09-27T08:24:17","guid":{"rendered":"http:\/\/games.tactic.net\/tuote\/crazy-maze\/"},"modified":"2023-10-25T14:24:44","modified_gmt":"2023-10-25T11:24:44","slug":"crazy-maze","status":"publish","type":"product","link":"https:\/\/games.tactic.net\/no\/tuote\/crazy-maze\/","title":{"rendered":"Crazy Maze"},"content":{"rendered":"<p>Et partyspill for de som gj\u00f8r og t\u00f8r!  Klar\u2026 og trekk! Drodle deg gjennom denne vanvittige labyrinten med bind for \u00f8ynene og sikt rett mot m\u00e5lstreken. Hvis pennen din ber\u00f8rer en N\u00f8dt eller Sannhet, f\u00e5r du en morsom oppgave \u00e5 utf\u00f8re. Hvis du treffer Kjempeflaks, kan du sende oppgaven videre til en annen spiller. H\u00f8res enkelt ut, ikke sant? Du kommer deg ikke gjennom dette uten \u00e5 se rar ut, s\u00e5 la oss spille!<br \/>\nEt spill fullt av liketil moro!<br \/>\nMorsomt element med bind for \u00f8ynene.<br \/>\nInkluderer oppgaver som garantert f\u00e5r deg til \u00e5 fnise!<\/p>\n","protected":false},"excerpt":{"rendered":"<p>Et partyspill for de som gj\u00f8r og t\u00f8r! Klar\u2026 og trekk! Drodle deg gjennom denne vanvittige labyrinten med bind for \u00f8ynene og sikt rett mot m\u00e5lstreken. Hvis pennen din ber\u00f8rer en N\u00f8dt eller Sannhet, f\u00e5r du en morsom oppgave \u00e5 utf\u00f8re. Hvis du treffer Kjempeflaks, kan du sende oppgaven videre til en annen spiller. H\u00f8res enkelt ut, ikke sant? Du kommer deg ikke gjennom dette uten \u00e5 se rar ut, s\u00e5 la oss spille!<\/p>\n","protected":false},"featured_media":0,"template":"","meta":{"content-type":"","_monsterinsights_skip_tracking":false,"_monsterinsights_sitenote_active":false,"_monsterinsights_sitenote_note":"","_monsterinsights_sitenote_category":0},"product_brand":[],"product_cat":[1662,1661],"product_tag":[324,969],"brand":[],"target-group":[],"discontinued":[],"class_list":{"0":"post-633319","1":"product","2":"type-product","3":"status-publish","5":"product_cat-partyspill","6":"product_cat-selskapsspill-voksenspill","7":"product_tag-kreativ","8":"product_tag-tidsfordriv-2","10":"first","11":"instock","12":"taxable","13":"shipping-taxable","14":"product-type-simple"},"aioseo_notices":[],"_links":{"self":[{"href":"https:\/\/games.tactic.net\/no\/wp-json\/wp\/v2\/product\/633319","targetHints":{"allow":["GET"]}}],"collection":[{"href":"https:\/\/games.tactic.net\/no\/wp-json\/wp\/v2\/product"}],"about":[{"href":"https:\/\/games.tactic.net\/no\/wp-json\/wp\/v2\/types\/product"}],"wp:attachment":[{"href":"https:\/\/games.tactic.net\/no\/wp-json\/wp\/v2\/media?parent=633319"}],"wp:term":[{"taxonomy":"product_brand","embeddable":true,"href":"https:\/\/games.tactic.net\/no\/wp-json\/wp\/v2\/product_brand?post=633319"},{"taxonomy":"product_cat","embeddable":true,"href":"https:\/\/games.tactic.net\/no\/wp-json\/wp\/v2\/product_cat?post=633319"},{"taxonomy":"product_tag","embeddable":true,"href":"https:\/\/games.tactic.net\/no\/wp-json\/wp\/v2\/product_tag?post=633319"},{"taxonomy":"brand","embeddable":true,"href":"https:\/\/games.tactic.net\/no\/wp-json\/wp\/v2\/brand?post=633319"},{"taxonomy":"target-group","embeddable":true,"href":"https:\/\/games.tactic.net\/no\/wp-json\/wp\/v2\/target-group?post=633319"},{"taxonomy":"discontinued","embeddable":true,"href":"https:\/\/games.tactic.net\/no\/wp-json\/wp\/v2\/discontinued?post=633319"}],"curies":[{"name":"wp","href":"https:\/\/api.w.org\/{rel}","templated":true}]}}