{"id":628790,"date":"2022-09-22T17:29:48","date_gmt":"2022-09-22T14:29:48","guid":{"rendered":"http:\/\/games.tactic.net\/tuote\/vi-laerer-oss-karusell\/"},"modified":"2024-01-11T12:54:39","modified_gmt":"2024-01-11T10:54:39","slug":"vi-laerer-oss-karusell","status":"publish","type":"product","link":"https:\/\/games.tactic.net\/no\/tuote\/vi-laerer-oss-karusell\/","title":{"rendered":"Vi l\u00e6rer oss Karusell"},"content":{"rendered":"<p>Et sammenligningsspill med en ekte vri!  Hver spiller vrir niv\u00e5ene p\u00e5 karusellen for \u00e5 danne bildet p\u00e5 brikken sin, men uten \u00e5 la de andre spillerne vite hva de pr\u00f8ver \u00e5 gj\u00f8re! Dette spillet er fullt av fargerike figurer, men du kan vri niv\u00e5ene til karusellen for \u00e5 avsl\u00f8re et annet spillebrett!En annen type sammenligningsspill. Karusellniv\u00e5ene er dobbeltsidige og gir dobbelt s\u00e5 mye moro! Fremmer tidlige kognitive ferdigheter!<\/p>\n","protected":false},"excerpt":{"rendered":"<p>Et sammenligningsspill med en ekte vri! Hver spiller vrir niv\u00e5ene p\u00e5 karusellen for \u00e5 danne bildet p\u00e5 brikken sin, men uten \u00e5 la de andre spillerne vite hva de pr\u00f8ver \u00e5 gj\u00f8re! Dette spillet er fullt av fargerike figurer, men du kan vri niv\u00e5ene til karusellen for \u00e5 avsl\u00f8re et annet spillebrett!En annen type sammenligningsspill. [&hellip;]<\/p>\n","protected":false},"featured_media":0,"template":"","meta":{"content-type":"","_monsterinsights_skip_tracking":false,"_monsterinsights_sitenote_active":false,"_monsterinsights_sitenote_note":"","_monsterinsights_sitenote_category":0},"product_brand":[],"product_cat":[1663],"product_tag":[1233],"brand":[{"id":861,"name":"Let's Learn","slug":"letslearn-no"}],"target-group":[],"discontinued":[],"class_list":{"0":"post-628790","1":"product","2":"type-product","3":"status-publish","5":"product_cat-laerespill","6":"product_tag-kombinere-no","7":"brand-letslearn-no","9":"first","10":"instock","11":"taxable","12":"shipping-taxable","13":"product-type-simple"},"aioseo_notices":[],"_links":{"self":[{"href":"https:\/\/games.tactic.net\/no\/wp-json\/wp\/v2\/product\/628790","targetHints":{"allow":["GET"]}}],"collection":[{"href":"https:\/\/games.tactic.net\/no\/wp-json\/wp\/v2\/product"}],"about":[{"href":"https:\/\/games.tactic.net\/no\/wp-json\/wp\/v2\/types\/product"}],"wp:attachment":[{"href":"https:\/\/games.tactic.net\/no\/wp-json\/wp\/v2\/media?parent=628790"}],"wp:term":[{"taxonomy":"product_brand","embeddable":true,"href":"https:\/\/games.tactic.net\/no\/wp-json\/wp\/v2\/product_brand?post=628790"},{"taxonomy":"product_cat","embeddable":true,"href":"https:\/\/games.tactic.net\/no\/wp-json\/wp\/v2\/product_cat?post=628790"},{"taxonomy":"product_tag","embeddable":true,"href":"https:\/\/games.tactic.net\/no\/wp-json\/wp\/v2\/product_tag?post=628790"},{"taxonomy":"brand","embeddable":true,"href":"https:\/\/games.tactic.net\/no\/wp-json\/wp\/v2\/brand?post=628790"},{"taxonomy":"target-group","embeddable":true,"href":"https:\/\/games.tactic.net\/no\/wp-json\/wp\/v2\/target-group?post=628790"},{"taxonomy":"discontinued","embeddable":true,"href":"https:\/\/games.tactic.net\/no\/wp-json\/wp\/v2\/discontinued?post=628790"}],"curies":[{"name":"wp","href":"https:\/\/api.w.org\/{rel}","templated":true}]}}