{"id":628733,"date":"2022-09-22T17:04:33","date_gmt":"2022-09-22T14:04:33","guid":{"rendered":"http:\/\/games.tactic.net\/tuote\/vi-laerer-oss-telling-gulvpuslespill\/"},"modified":"2024-01-11T12:55:01","modified_gmt":"2024-01-11T10:55:01","slug":"vi-laerer-oss-telling-gulvpuslespill","status":"publish","type":"product","link":"https:\/\/games.tactic.net\/no\/tuote\/vi-laerer-oss-telling-gulvpuslespill\/","title":{"rendered":"Vi l\u00e6rer oss Telling gulvpuslespill"},"content":{"rendered":"<p>Utforsk gulvpuslespillet ved bruk av sp\u00f8rsm\u00e5lskort og l\u00e6r \u00e5 telle, sammenligne og bruke riktige ord. Veiledning til foreldrene f\u00f8lger med.<\/p>\n","protected":false},"excerpt":{"rendered":"<p>Utforsk gulvpuslespillet ved bruk av sp\u00f8rsm\u00e5lskort og l\u00e6r \u00e5 telle, sammenligne og bruke riktige ord. Veiledning til foreldrene f\u00f8lger med.<\/p>\n","protected":false},"featured_media":0,"template":"","meta":{"content-type":"","_monsterinsights_skip_tracking":false,"_monsterinsights_sitenote_active":false,"_monsterinsights_sitenote_note":"","_monsterinsights_sitenote_category":0},"product_brand":[],"product_cat":[1652,1653,1663],"product_tag":[],"brand":[{"id":861,"name":"Let's Learn","slug":"letslearn-no"}],"target-group":[],"discontinued":[],"class_list":{"0":"post-628733","1":"product","2":"type-product","3":"status-publish","5":"product_cat-barnepuslespill","6":"product_cat-barnepuslespill-puslespill","7":"product_cat-laerespill","8":"brand-letslearn-no","10":"first","11":"instock","12":"taxable","13":"shipping-taxable","14":"product-type-simple"},"aioseo_notices":[],"_links":{"self":[{"href":"https:\/\/games.tactic.net\/no\/wp-json\/wp\/v2\/product\/628733","targetHints":{"allow":["GET"]}}],"collection":[{"href":"https:\/\/games.tactic.net\/no\/wp-json\/wp\/v2\/product"}],"about":[{"href":"https:\/\/games.tactic.net\/no\/wp-json\/wp\/v2\/types\/product"}],"wp:attachment":[{"href":"https:\/\/games.tactic.net\/no\/wp-json\/wp\/v2\/media?parent=628733"}],"wp:term":[{"taxonomy":"product_brand","embeddable":true,"href":"https:\/\/games.tactic.net\/no\/wp-json\/wp\/v2\/product_brand?post=628733"},{"taxonomy":"product_cat","embeddable":true,"href":"https:\/\/games.tactic.net\/no\/wp-json\/wp\/v2\/product_cat?post=628733"},{"taxonomy":"product_tag","embeddable":true,"href":"https:\/\/games.tactic.net\/no\/wp-json\/wp\/v2\/product_tag?post=628733"},{"taxonomy":"brand","embeddable":true,"href":"https:\/\/games.tactic.net\/no\/wp-json\/wp\/v2\/brand?post=628733"},{"taxonomy":"target-group","embeddable":true,"href":"https:\/\/games.tactic.net\/no\/wp-json\/wp\/v2\/target-group?post=628733"},{"taxonomy":"discontinued","embeddable":true,"href":"https:\/\/games.tactic.net\/no\/wp-json\/wp\/v2\/discontinued?post=628733"}],"curies":[{"name":"wp","href":"https:\/\/api.w.org\/{rel}","templated":true}]}}