{"id":626325,"date":"2022-09-15T09:13:49","date_gmt":"2022-09-15T06:13:49","guid":{"rendered":"http:\/\/games.tactic.net\/tuote\/john-deere-6920-med-frontlaster-og-tommerhenger\/"},"modified":"2022-09-15T09:40:12","modified_gmt":"2022-09-15T06:40:12","slug":"john-deere-6920-med-frontlaster-og-tommerhenger","status":"archive","type":"product","link":"https:\/\/games.tactic.net\/no\/tuote\/john-deere-6920-med-frontlaster-og-tommerhenger\/","title":{"rendered":"John Deere 6920 med frontlaster og t\u00f8mmerhenger"},"content":{"rendered":"<p>T\u00f8ff og realistisk John Deere traktor med frontlaster og t\u00f8mmerhenger fra kvalitetsmerket Bruder. Traktoren er i skala 1:16. Traktoren har realistisk design og mange funksjoner. F\u00f8rerhuset, og panseret kan \u00e5pnes for tilgang, og traktoren kan styres via det medf\u00f8lgende rattet gjennom taket av f\u00f8rerhuset. Frontlasteren kan heves og senkes og grabben kan \u00e5pnes og lukkes. Kan kombineres med andre hengere og tilbeh\u00f8r fra Bruder for enda mer g\u00f8yal lek. Settet inneholder John Deere traktor, t\u00f8mmerhenger og 3 t\u00f8mmerstokker.<\/p>\n","protected":false},"excerpt":{"rendered":"<p><\/p>\n","protected":false},"featured_media":0,"template":"","meta":{"content-type":"","_monsterinsights_skip_tracking":false,"_monsterinsights_sitenote_active":false,"_monsterinsights_sitenote_note":"","_monsterinsights_sitenote_category":0},"product_brand":[],"product_cat":[2032],"product_tag":[],"brand":[],"target-group":[],"discontinued":[],"class_list":{"0":"post-626325","1":"product","2":"type-product","3":"status-archive","5":"product_cat-bruder-6","7":"first","8":"outofstock","9":"taxable","10":"shipping-taxable","11":"product-type-simple"},"aioseo_notices":[],"_links":{"self":[{"href":"https:\/\/games.tactic.net\/no\/wp-json\/wp\/v2\/product\/626325","targetHints":{"allow":["GET"]}}],"collection":[{"href":"https:\/\/games.tactic.net\/no\/wp-json\/wp\/v2\/product"}],"about":[{"href":"https:\/\/games.tactic.net\/no\/wp-json\/wp\/v2\/types\/product"}],"wp:attachment":[{"href":"https:\/\/games.tactic.net\/no\/wp-json\/wp\/v2\/media?parent=626325"}],"wp:term":[{"taxonomy":"product_brand","embeddable":true,"href":"https:\/\/games.tactic.net\/no\/wp-json\/wp\/v2\/product_brand?post=626325"},{"taxonomy":"product_cat","embeddable":true,"href":"https:\/\/games.tactic.net\/no\/wp-json\/wp\/v2\/product_cat?post=626325"},{"taxonomy":"product_tag","embeddable":true,"href":"https:\/\/games.tactic.net\/no\/wp-json\/wp\/v2\/product_tag?post=626325"},{"taxonomy":"brand","embeddable":true,"href":"https:\/\/games.tactic.net\/no\/wp-json\/wp\/v2\/brand?post=626325"},{"taxonomy":"target-group","embeddable":true,"href":"https:\/\/games.tactic.net\/no\/wp-json\/wp\/v2\/target-group?post=626325"},{"taxonomy":"discontinued","embeddable":true,"href":"https:\/\/games.tactic.net\/no\/wp-json\/wp\/v2\/discontinued?post=626325"}],"curies":[{"name":"wp","href":"https:\/\/api.w.org\/{rel}","templated":true}]}}