{"id":625391,"date":"2022-09-12T15:22:42","date_gmt":"2022-09-12T12:22:42","guid":{"rendered":"http:\/\/games.tactic.net\/tuote\/alias-legends\/"},"modified":"2023-02-03T10:06:56","modified_gmt":"2023-02-03T08:06:56","slug":"alias-legends","status":"publish","type":"product","link":"https:\/\/games.tactic.net\/no\/tuote\/alias-legends\/","title":{"rendered":"Alias Legender"},"content":{"rendered":"<p>Kjenner du disse legendene ?  Forklar ord som knyttet til forskjellige legendariske karakterer og pr\u00f8v \u00e5 samle s\u00e5 mange av dem i ditt eget galleri som mulig. Hvert kort har en liste med ord som kan brukes som er knyttet til karakteren, slik at du til og med kanskje l\u00e6rer noe nytt! Et spill kjennetegnet av den kjente Alias-kvaliteten! Moro for hele familien. L\u00e6r mer mens du har det g\u00f8y!<\/p>\n","protected":false},"excerpt":{"rendered":"<p>Kjenner du disse legendene ? Forklar ord som knyttet til forskjellige legendariske karakterer og pr\u00f8v \u00e5 samle s\u00e5 mange av dem i ditt eget galleri som mulig. Hvert kort har en liste med ord som kan brukes som er knyttet til karakteren, slik at du til og med kanskje l\u00e6rer noe nytt! Et spill kjennetegnet [&hellip;]<\/p>\n","protected":false},"featured_media":0,"template":"","meta":{"content-type":"","_monsterinsights_skip_tracking":false,"_monsterinsights_sitenote_active":false,"_monsterinsights_sitenote_note":"","_monsterinsights_sitenote_category":0},"product_brand":[],"product_cat":[1619],"product_tag":[1204],"brand":[{"id":600,"name":"Alias","slug":"alias_no"}],"target-group":[],"discontinued":[],"class_list":{"0":"post-625391","1":"product","2":"type-product","3":"status-publish","5":"product_cat-brettspill","6":"product_tag-ordforklaring-2","7":"brand-alias_no","9":"first","10":"instock","11":"taxable","12":"shipping-taxable","13":"product-type-simple"},"aioseo_notices":[],"_links":{"self":[{"href":"https:\/\/games.tactic.net\/no\/wp-json\/wp\/v2\/product\/625391","targetHints":{"allow":["GET"]}}],"collection":[{"href":"https:\/\/games.tactic.net\/no\/wp-json\/wp\/v2\/product"}],"about":[{"href":"https:\/\/games.tactic.net\/no\/wp-json\/wp\/v2\/types\/product"}],"wp:attachment":[{"href":"https:\/\/games.tactic.net\/no\/wp-json\/wp\/v2\/media?parent=625391"}],"wp:term":[{"taxonomy":"product_brand","embeddable":true,"href":"https:\/\/games.tactic.net\/no\/wp-json\/wp\/v2\/product_brand?post=625391"},{"taxonomy":"product_cat","embeddable":true,"href":"https:\/\/games.tactic.net\/no\/wp-json\/wp\/v2\/product_cat?post=625391"},{"taxonomy":"product_tag","embeddable":true,"href":"https:\/\/games.tactic.net\/no\/wp-json\/wp\/v2\/product_tag?post=625391"},{"taxonomy":"brand","embeddable":true,"href":"https:\/\/games.tactic.net\/no\/wp-json\/wp\/v2\/brand?post=625391"},{"taxonomy":"target-group","embeddable":true,"href":"https:\/\/games.tactic.net\/no\/wp-json\/wp\/v2\/target-group?post=625391"},{"taxonomy":"discontinued","embeddable":true,"href":"https:\/\/games.tactic.net\/no\/wp-json\/wp\/v2\/discontinued?post=625391"}],"curies":[{"name":"wp","href":"https:\/\/api.w.org\/{rel}","templated":true}]}}