{"id":625390,"date":"2022-09-12T14:35:36","date_gmt":"2022-09-12T11:35:36","guid":{"rendered":"http:\/\/games.tactic.net\/tuote\/mitt-forste-spill\/"},"modified":"2024-01-11T12:51:45","modified_gmt":"2024-01-11T10:51:45","slug":"mitt-forste-spill","status":"publish","type":"product","link":"https:\/\/games.tactic.net\/no\/tuote\/mitt-forste-spill\/","title":{"rendered":"Mitt f\u00f8rste terningspill P\u00e5 tur i skogen"},"content":{"rendered":"<p>Et l\u00f8p i skogen har startet!  Dyrene i skogen er klare for et morsomt l\u00f8p \u2013 og du f\u00e5r hjelpe til! Hver spiller har to dyr de m\u00e5 f\u00f8re rundt skogen og tilbake til deres egne hjemmomr\u00e5der, men de andre lagene vil gj\u00f8re sitt beste for \u00e5 stikke kjepper i hjulene for dem&#8230; Bare kast terningen i midten, og sett i gang!<br \/>\nInkluderer bed\u00e5rende spillkarakterer i tre!<br \/>\nEt klassisk spillkonsept som er lett \u00e5 l\u00e6re og morsomt \u00e5 spille.<br \/>\nInkluderer ogs\u00e5 en morsom poppende terning!<\/p>\n","protected":false},"excerpt":{"rendered":"<p>Et l\u00f8p i skogen har startet! Dyrene i skogen er klare for et morsomt l\u00f8p \u2013 og du f\u00e5r hjelpe til! Hver spiller har to dyr de m\u00e5 f\u00f8re rundt skogen og tilbake til deres egne hjemmomr\u00e5der, men de andre lagene vil gj\u00f8re sitt beste for \u00e5 stikke kjepper i hjulene for dem&#8230; Bare kast terningen i midten, og sett i gang!<\/p>\n","protected":false},"featured_media":0,"template":"","meta":{"content-type":"","_monsterinsights_skip_tracking":false,"_monsterinsights_sitenote_active":false,"_monsterinsights_sitenote_note":"","_monsterinsights_sitenote_category":0},"product_brand":[],"product_cat":[1649],"product_tag":[358,1255,1267,969],"brand":[],"target-group":[],"discontinued":[],"class_list":{"0":"post-625390","1":"product","2":"type-product","3":"status-publish","5":"product_cat-barnespill-barnespill","6":"product_tag-beregning","7":"product_tag-pedagogisk-no","8":"product_tag-sammen-no","9":"product_tag-tidsfordriv-2","11":"first","12":"instock","13":"taxable","14":"shipping-taxable","15":"product-type-simple"},"aioseo_notices":[],"_links":{"self":[{"href":"https:\/\/games.tactic.net\/no\/wp-json\/wp\/v2\/product\/625390","targetHints":{"allow":["GET"]}}],"collection":[{"href":"https:\/\/games.tactic.net\/no\/wp-json\/wp\/v2\/product"}],"about":[{"href":"https:\/\/games.tactic.net\/no\/wp-json\/wp\/v2\/types\/product"}],"wp:attachment":[{"href":"https:\/\/games.tactic.net\/no\/wp-json\/wp\/v2\/media?parent=625390"}],"wp:term":[{"taxonomy":"product_brand","embeddable":true,"href":"https:\/\/games.tactic.net\/no\/wp-json\/wp\/v2\/product_brand?post=625390"},{"taxonomy":"product_cat","embeddable":true,"href":"https:\/\/games.tactic.net\/no\/wp-json\/wp\/v2\/product_cat?post=625390"},{"taxonomy":"product_tag","embeddable":true,"href":"https:\/\/games.tactic.net\/no\/wp-json\/wp\/v2\/product_tag?post=625390"},{"taxonomy":"brand","embeddable":true,"href":"https:\/\/games.tactic.net\/no\/wp-json\/wp\/v2\/brand?post=625390"},{"taxonomy":"target-group","embeddable":true,"href":"https:\/\/games.tactic.net\/no\/wp-json\/wp\/v2\/target-group?post=625390"},{"taxonomy":"discontinued","embeddable":true,"href":"https:\/\/games.tactic.net\/no\/wp-json\/wp\/v2\/discontinued?post=625390"}],"curies":[{"name":"wp","href":"https:\/\/api.w.org\/{rel}","templated":true}]}}