{"id":625375,"date":"2022-09-12T14:28:53","date_gmt":"2022-09-12T11:28:53","guid":{"rendered":"http:\/\/games.tactic.net\/tuote\/iknow-2-0\/"},"modified":"2023-02-03T10:11:57","modified_gmt":"2023-02-03T08:11:57","slug":"iknow-2-0","status":"publish","type":"product","link":"https:\/\/games.tactic.net\/no\/tuote\/iknow-2-0\/","title":{"rendered":"iKNOW 2.0 board game"},"content":{"rendered":"<p>Den vellykkede quizklassikeren \u2013 gjenskapt for en ny generasjon! Dette er et quizspill der alle har en sjanse til \u00e5 lykkes! Hvert sp\u00f8rsm\u00e5l inkluderer tre ledetr\u00e5der som bringer deg n\u00e6rmere og n\u00e6rmere riktig svar. Du kan velge n\u00e5r du vil svare, men jo flere ledetr\u00e5der du h\u00f8rer, jo f\u00e6rre poeng vinner du. &#8211; Omfattende sp\u00f8rsm\u00e5lsinnhold med stor gjenspillingsverdi! &#8211; Alle har en sjanse til \u00e5 f\u00e5 poeng og vinne. &#8211; Vellykket spillkonsept over hele verden.<\/p>\n<p><img decoding=\"async\" src=\"https:\\\\\\\\games.tactic.net\\\\pic\\\\logo\\\\FI_2022_Vuoden_Peli_Partypelit_finalisti.png\"><\/p>\n","protected":false},"excerpt":{"rendered":"<p>Den vellykkede quizklassikeren \u2013 gjenskapt for en ny generasjon! Dette er et quizspill der alle har en sjanse til \u00e5 lykkes! Hvert sp\u00f8rsm\u00e5l inkluderer tre ledetr\u00e5der som bringer deg n\u00e6rmere og n\u00e6rmere riktig svar. Du kan velge n\u00e5r du vil svare, men jo flere ledetr\u00e5der du h\u00f8rer, jo f\u00e6rre poeng vinner du. &#8211; Omfattende sp\u00f8rsm\u00e5lsinnhold [&hellip;]<\/p>\n","protected":false},"featured_media":0,"template":"","meta":{"content-type":"","_monsterinsights_skip_tracking":false,"_monsterinsights_sitenote_active":false,"_monsterinsights_sitenote_note":"","_monsterinsights_sitenote_category":0},"product_brand":[],"product_cat":[1664,1665],"product_tag":[1274],"brand":[{"id":2092,"name":"iKNOW","slug":"iknow_no"}],"target-group":[],"discontinued":[],"class_list":{"0":"post-625375","1":"product","2":"type-product","3":"status-publish","5":"product_cat-sporrespill","6":"product_cat-sporrespill-voksenspill","7":"product_tag-kunnskap","8":"brand-iknow_no","10":"first","11":"instock","12":"taxable","13":"shipping-taxable","14":"product-type-simple"},"aioseo_notices":[],"_links":{"self":[{"href":"https:\/\/games.tactic.net\/no\/wp-json\/wp\/v2\/product\/625375","targetHints":{"allow":["GET"]}}],"collection":[{"href":"https:\/\/games.tactic.net\/no\/wp-json\/wp\/v2\/product"}],"about":[{"href":"https:\/\/games.tactic.net\/no\/wp-json\/wp\/v2\/types\/product"}],"wp:attachment":[{"href":"https:\/\/games.tactic.net\/no\/wp-json\/wp\/v2\/media?parent=625375"}],"wp:term":[{"taxonomy":"product_brand","embeddable":true,"href":"https:\/\/games.tactic.net\/no\/wp-json\/wp\/v2\/product_brand?post=625375"},{"taxonomy":"product_cat","embeddable":true,"href":"https:\/\/games.tactic.net\/no\/wp-json\/wp\/v2\/product_cat?post=625375"},{"taxonomy":"product_tag","embeddable":true,"href":"https:\/\/games.tactic.net\/no\/wp-json\/wp\/v2\/product_tag?post=625375"},{"taxonomy":"brand","embeddable":true,"href":"https:\/\/games.tactic.net\/no\/wp-json\/wp\/v2\/brand?post=625375"},{"taxonomy":"target-group","embeddable":true,"href":"https:\/\/games.tactic.net\/no\/wp-json\/wp\/v2\/target-group?post=625375"},{"taxonomy":"discontinued","embeddable":true,"href":"https:\/\/games.tactic.net\/no\/wp-json\/wp\/v2\/discontinued?post=625375"}],"curies":[{"name":"wp","href":"https:\/\/api.w.org\/{rel}","templated":true}]}}