{"id":623819,"date":"2022-08-29T11:00:10","date_gmt":"2022-08-29T08:00:10","guid":{"rendered":"http:\/\/games.tactic.net\/tuote\/peppa-gris-lottobok-fri\/"},"modified":"2023-03-30T11:59:06","modified_gmt":"2023-03-30T08:59:06","slug":"peppa-gris-lottobok-fri","status":"publish","type":"product","link":"https:\/\/games.tactic.net\/no\/tuote\/peppa-gris-lottobok-fri\/","title":{"rendered":"Peppa gris lottobok fri"},"content":{"rendered":"<p>Bli med Peppa og vennene i barnehagen, p\u00e5 sykebes\u00f8k, p\u00e5 lekeplassen\u2026 Les boken og spill med billedkort \u2013 hvem finner flest par?<\/p>\n","protected":false},"excerpt":{"rendered":"<p>Bli med Peppa og vennene i barnehagen, p\u00e5 sykebes\u00f8k, p\u00e5 lekeplassen\u2026 Les boken og spill med billedkort \u2013 hvem finner flest par?<\/p>\n","protected":false},"featured_media":0,"template":"","meta":{"content-type":"","_monsterinsights_skip_tracking":false,"_monsterinsights_sitenote_active":false,"_monsterinsights_sitenote_note":"","_monsterinsights_sitenote_category":0},"product_brand":[],"product_cat":[1698],"product_tag":[],"brand":[],"target-group":[],"discontinued":[],"class_list":{"0":"post-623819","1":"product","2":"type-product","3":"status-publish","5":"product_cat-eventyr-og-billedboker","7":"first","8":"instock","9":"taxable","10":"shipping-taxable","11":"product-type-simple"},"aioseo_notices":[],"_links":{"self":[{"href":"https:\/\/games.tactic.net\/no\/wp-json\/wp\/v2\/product\/623819","targetHints":{"allow":["GET"]}}],"collection":[{"href":"https:\/\/games.tactic.net\/no\/wp-json\/wp\/v2\/product"}],"about":[{"href":"https:\/\/games.tactic.net\/no\/wp-json\/wp\/v2\/types\/product"}],"wp:attachment":[{"href":"https:\/\/games.tactic.net\/no\/wp-json\/wp\/v2\/media?parent=623819"}],"wp:term":[{"taxonomy":"product_brand","embeddable":true,"href":"https:\/\/games.tactic.net\/no\/wp-json\/wp\/v2\/product_brand?post=623819"},{"taxonomy":"product_cat","embeddable":true,"href":"https:\/\/games.tactic.net\/no\/wp-json\/wp\/v2\/product_cat?post=623819"},{"taxonomy":"product_tag","embeddable":true,"href":"https:\/\/games.tactic.net\/no\/wp-json\/wp\/v2\/product_tag?post=623819"},{"taxonomy":"brand","embeddable":true,"href":"https:\/\/games.tactic.net\/no\/wp-json\/wp\/v2\/brand?post=623819"},{"taxonomy":"target-group","embeddable":true,"href":"https:\/\/games.tactic.net\/no\/wp-json\/wp\/v2\/target-group?post=623819"},{"taxonomy":"discontinued","embeddable":true,"href":"https:\/\/games.tactic.net\/no\/wp-json\/wp\/v2\/discontinued?post=623819"}],"curies":[{"name":"wp","href":"https:\/\/api.w.org\/{rel}","templated":true}]}}