{"id":619377,"date":"2022-08-10T12:32:50","date_gmt":"2022-08-10T09:32:50","guid":{"rendered":"http:\/\/games.tactic.net\/tuote\/mb-sprinter-ups-with-driver-and-accessories\/"},"modified":"2025-01-13T09:38:30","modified_gmt":"2025-01-13T07:38:30","slug":"mb-sprinter-ups-with-driver-and-accessories","status":"archive","type":"product","link":"https:\/\/games.tactic.net\/no\/tuote\/mb-sprinter-ups-with-driver-and-accessories\/","title":{"rendered":"Mercedes-Benz Sprinter UPS med driver og tilbeh\u00f8r"},"content":{"rendered":"<p>Banebrytende, effektiv, p\u00e5litelig \u2013 slik beskriver Mercedes-Benz den nye Sprinter. Den siste generasjonen av Sprinter fortsetter \u00e5 v\u00e6re den allsidige og popul\u00e6re transportproffen. BRUDERs omfattende utvalg inkluderer de nyeste sprinterne i et bredt spekter av design. UPS, en av verdens ledende leverand\u00f8rer av frakttjenester, er ogs\u00e5 avhengig av Sprintere som leveringsbiler. Dette kj\u00f8ret\u00f8yet dominerer dagens bygater og er n\u00e5 lagt til BRUDER-serien. Kj\u00f8ret\u00f8yet har en todelt bakd\u00f8r som kan \u00e5pnes til endestoppet p\u00e5 kj\u00f8ret\u00f8yets karosseri. Fjern sm\u00e5 gjenstander gjennom sided\u00f8ren for \u00e5 spare tid. Kj\u00f8ret\u00f8yets tilbeh\u00f8r inkluderer en manuell palljekk og to europaller for \u00e5 laste eller losse tungt og\/eller klumpete gods. Dette flotte settet avrundes av en UPS-sj\u00e5f\u00f8r som har p\u00e5 seg selskapets typiske uniform. Typiske UPS-forsendelsesbokser i forskjellige st\u00f8rrelser er ogs\u00e5 inkludert.<\/p>\n","protected":false},"excerpt":{"rendered":"<p>Bruder<\/p>\n","protected":false},"featured_media":0,"template":"","meta":{"content-type":"","_monsterinsights_skip_tracking":false,"_monsterinsights_sitenote_active":false,"_monsterinsights_sitenote_note":"","_monsterinsights_sitenote_category":0},"product_brand":[],"product_cat":[1705],"product_tag":[],"brand":[],"target-group":[],"discontinued":[],"class_list":{"0":"post-619377","1":"product","2":"type-product","3":"status-archive","5":"product_cat-bruder-leker","7":"first","8":"outofstock","9":"taxable","10":"shipping-taxable","11":"product-type-simple"},"aioseo_notices":[],"_links":{"self":[{"href":"https:\/\/games.tactic.net\/no\/wp-json\/wp\/v2\/product\/619377","targetHints":{"allow":["GET"]}}],"collection":[{"href":"https:\/\/games.tactic.net\/no\/wp-json\/wp\/v2\/product"}],"about":[{"href":"https:\/\/games.tactic.net\/no\/wp-json\/wp\/v2\/types\/product"}],"wp:attachment":[{"href":"https:\/\/games.tactic.net\/no\/wp-json\/wp\/v2\/media?parent=619377"}],"wp:term":[{"taxonomy":"product_brand","embeddable":true,"href":"https:\/\/games.tactic.net\/no\/wp-json\/wp\/v2\/product_brand?post=619377"},{"taxonomy":"product_cat","embeddable":true,"href":"https:\/\/games.tactic.net\/no\/wp-json\/wp\/v2\/product_cat?post=619377"},{"taxonomy":"product_tag","embeddable":true,"href":"https:\/\/games.tactic.net\/no\/wp-json\/wp\/v2\/product_tag?post=619377"},{"taxonomy":"brand","embeddable":true,"href":"https:\/\/games.tactic.net\/no\/wp-json\/wp\/v2\/brand?post=619377"},{"taxonomy":"target-group","embeddable":true,"href":"https:\/\/games.tactic.net\/no\/wp-json\/wp\/v2\/target-group?post=619377"},{"taxonomy":"discontinued","embeddable":true,"href":"https:\/\/games.tactic.net\/no\/wp-json\/wp\/v2\/discontinued?post=619377"}],"curies":[{"name":"wp","href":"https:\/\/api.w.org\/{rel}","templated":true}]}}