{"id":619292,"date":"2022-08-10T12:26:22","date_gmt":"2022-08-10T09:26:22","guid":{"rendered":"http:\/\/games.tactic.net\/tuote\/mb-sprinter-fire-engine-with-ladders-waterpump-ls\/"},"modified":"2024-01-12T09:46:09","modified_gmt":"2024-01-12T07:46:09","slug":"mb-sprinter-fire-engine-with-ladders-waterpump-ls","status":"publish","type":"product","link":"https:\/\/games.tactic.net\/no\/tuote\/mb-sprinter-fire-engine-with-ladders-waterpump-ls\/","title":{"rendered":"Mercedes-Benz Sprinter brannbil med stige, vannpumpe, og lys- og lydmodul"},"content":{"rendered":"<p>Banebrytende, effektiv, p\u00e5litelig \u2013 slik beskriver Mercedes-Benz den nye Sprinter. Den siste generasjonen av Sprinter fortsetter \u00e5 v\u00e6re den allsidige og popul\u00e6re transportproffen. BRUDERs omfattende utvalg inkluderer de nyeste Sprinterne i et bredt spekter av design. Mindre brannbiler brukes i \u00f8kende grad til branner som er vanskelige \u00e5 bekjempe, for eksempel i trange gamlebygater. Sprinteren har vist seg \u00e5 v\u00e6re ekstremt man\u00f8vrerbar. BRUDER har utstyrt denne brannbilen med mange realistiske funksjonelle detaljer. Fokuset her er p\u00e5 den uttrekkbare dreieskivestigen med redningskurv og den fullt funksjonelle vannstr\u00e5len med synlig fungerende stempelpumpe, vanntank og uttrekkbare st\u00f8tteben, diverse verkt\u00f8yoppbevaringsbeholdere, samt lys- og lydmodulen.<\/p>\n","protected":false},"excerpt":{"rendered":"<p>Bruder<\/p>\n","protected":false},"featured_media":0,"template":"","meta":{"content-type":"","_monsterinsights_skip_tracking":false,"_monsterinsights_sitenote_active":false,"_monsterinsights_sitenote_note":"","_monsterinsights_sitenote_category":0},"product_brand":[],"product_cat":[1705],"product_tag":[],"brand":[],"target-group":[],"discontinued":[],"class_list":{"0":"post-619292","1":"product","2":"type-product","3":"status-publish","5":"product_cat-bruder-leker","7":"first","8":"instock","9":"taxable","10":"shipping-taxable","11":"product-type-simple"},"aioseo_notices":[],"_links":{"self":[{"href":"https:\/\/games.tactic.net\/no\/wp-json\/wp\/v2\/product\/619292","targetHints":{"allow":["GET"]}}],"collection":[{"href":"https:\/\/games.tactic.net\/no\/wp-json\/wp\/v2\/product"}],"about":[{"href":"https:\/\/games.tactic.net\/no\/wp-json\/wp\/v2\/types\/product"}],"wp:attachment":[{"href":"https:\/\/games.tactic.net\/no\/wp-json\/wp\/v2\/media?parent=619292"}],"wp:term":[{"taxonomy":"product_brand","embeddable":true,"href":"https:\/\/games.tactic.net\/no\/wp-json\/wp\/v2\/product_brand?post=619292"},{"taxonomy":"product_cat","embeddable":true,"href":"https:\/\/games.tactic.net\/no\/wp-json\/wp\/v2\/product_cat?post=619292"},{"taxonomy":"product_tag","embeddable":true,"href":"https:\/\/games.tactic.net\/no\/wp-json\/wp\/v2\/product_tag?post=619292"},{"taxonomy":"brand","embeddable":true,"href":"https:\/\/games.tactic.net\/no\/wp-json\/wp\/v2\/brand?post=619292"},{"taxonomy":"target-group","embeddable":true,"href":"https:\/\/games.tactic.net\/no\/wp-json\/wp\/v2\/target-group?post=619292"},{"taxonomy":"discontinued","embeddable":true,"href":"https:\/\/games.tactic.net\/no\/wp-json\/wp\/v2\/discontinued?post=619292"}],"curies":[{"name":"wp","href":"https:\/\/api.w.org\/{rel}","templated":true}]}}