{"id":619235,"date":"2022-08-10T12:18:57","date_gmt":"2022-08-10T09:18:57","guid":{"rendered":"http:\/\/games.tactic.net\/tuote\/ram-2500-police-pick-up-trailer-boat-2-figures\/"},"modified":"2023-10-20T16:55:18","modified_gmt":"2023-10-20T13:55:18","slug":"ram-2500-police-pick-up-trailer-boat-2-figures","status":"publish","type":"product","link":"https:\/\/games.tactic.net\/no\/tuote\/ram-2500-police-pick-up-trailer-boat-2-figures\/","title":{"rendered":"Dodge Ram 2500 Politi pickup med lys- og lydmodul, tilhenger, b\u00e5t og 2 figurer"},"content":{"rendered":"<p>BRUDER-politiet forsterkes og utvider sitt operasjonsomr\u00e5de til vannet. For \u00e5 kunne operere p\u00e5 alle typer vann i fremtiden vil en 4&#215;4 politi pickup med b\u00e5t og n\u00f8ddykker bli lagt til BRUDER n\u00f8detatene. Servicebilen er basert p\u00e5 den velkjente RAM 2500 og en lys- og lydmodul montert p\u00e5 taket. Akkurat som den ekte varen har leket\u00f8yet et mannskapsf\u00f8rerhus med fire d\u00f8rer. Alle d\u00f8rer \u00e5pnes for \u00e5 romme fire bworld-figurer. Denne modellen i skala 1:16 har fj\u00e6ring p\u00e5 begge aksler for \u00e5 gi kj\u00f8rekomfort og offroad-evne. I denne sammenhengen kan forakselen styres ved hjelp av den medf\u00f8lgende rattforlengeren. Bakluken \u00e5pnes for \u00e5 transportere den under lek. Takket v\u00e6re sin man\u00f8vrerbarhet og allsidighet er politib\u00e5ten med kontrollkonsoll en viktig hjelper i politiets hverdag og tilbyr plass til opptil 3 bworld-figurer. BRUDER-politib\u00e5ten er selvf\u00f8lgelig flytbar og utstyrt med et allroundlys, slik at barn kan replikere oppdrag s\u00e5 n\u00e6rme virkeligheten som mulig. To bworld-figurer fullf\u00f8rer dette omfattende settet. Mens politibetjenten f\u00e5r i oppdrag \u00e5 kontrollere politib\u00e5ten, tar den fullt utstyrte politidykkeren seg av operasjonene i vannet.<\/p>\n","protected":false},"excerpt":{"rendered":"<p>Bruder<\/p>\n","protected":false},"featured_media":0,"template":"","meta":{"content-type":"","_monsterinsights_skip_tracking":false,"_monsterinsights_sitenote_active":false,"_monsterinsights_sitenote_note":"","_monsterinsights_sitenote_category":0},"product_brand":[],"product_cat":[1705],"product_tag":[],"brand":[],"target-group":[],"discontinued":[],"class_list":{"0":"post-619235","1":"product","2":"type-product","3":"status-publish","5":"product_cat-bruder-leker","7":"first","8":"instock","9":"taxable","10":"shipping-taxable","11":"product-type-simple"},"aioseo_notices":[],"_links":{"self":[{"href":"https:\/\/games.tactic.net\/no\/wp-json\/wp\/v2\/product\/619235","targetHints":{"allow":["GET"]}}],"collection":[{"href":"https:\/\/games.tactic.net\/no\/wp-json\/wp\/v2\/product"}],"about":[{"href":"https:\/\/games.tactic.net\/no\/wp-json\/wp\/v2\/types\/product"}],"wp:attachment":[{"href":"https:\/\/games.tactic.net\/no\/wp-json\/wp\/v2\/media?parent=619235"}],"wp:term":[{"taxonomy":"product_brand","embeddable":true,"href":"https:\/\/games.tactic.net\/no\/wp-json\/wp\/v2\/product_brand?post=619235"},{"taxonomy":"product_cat","embeddable":true,"href":"https:\/\/games.tactic.net\/no\/wp-json\/wp\/v2\/product_cat?post=619235"},{"taxonomy":"product_tag","embeddable":true,"href":"https:\/\/games.tactic.net\/no\/wp-json\/wp\/v2\/product_tag?post=619235"},{"taxonomy":"brand","embeddable":true,"href":"https:\/\/games.tactic.net\/no\/wp-json\/wp\/v2\/brand?post=619235"},{"taxonomy":"target-group","embeddable":true,"href":"https:\/\/games.tactic.net\/no\/wp-json\/wp\/v2\/target-group?post=619235"},{"taxonomy":"discontinued","embeddable":true,"href":"https:\/\/games.tactic.net\/no\/wp-json\/wp\/v2\/discontinued?post=619235"}],"curies":[{"name":"wp","href":"https:\/\/api.w.org\/{rel}","templated":true}]}}