{"id":619191,"date":"2022-08-10T12:07:09","date_gmt":"2022-08-10T09:07:09","guid":{"rendered":"http:\/\/games.tactic.net\/tuote\/bworld-cow-and-calf-barn-with-farmer\/"},"modified":"2023-10-11T09:28:28","modified_gmt":"2023-10-11T06:28:28","slug":"bworld-cow-and-calf-barn-with-farmer","status":"publish","type":"product","link":"https:\/\/games.tactic.net\/no\/tuote\/bworld-cow-and-calf-barn-with-farmer\/","title":{"rendered":"bworld Ku og kalvfj\u00f8s med bonde"},"content":{"rendered":"<p>Landbrukssektoren er i vekst. I tillegg til de allerede kjente kyrne og oksene, er det n\u00e5 en matchende kalv i BRUDER-serien. Det splitter nye bworld ku- og kalvfj\u00f8s-temasettet inkluderer en moderne stall for kua med f\u00f4rtrau og massasjeb\u00f8rster. En kalveboks med drikkeb\u00f8tte medf\u00f8lger for trygg opphold av kalven. Begge dyrene blir tatt godt vare p\u00e5 av bonden, som ogs\u00e5 er med. De bruker trilleb\u00e5r og tilbeh\u00f8r til \u00e5 b\u00e5de mate og rengj\u00f8re boden. bworld er lekeverdenen til BRUDER. Den best\u00e5r av bevegelige figurer, dyr, tilbeh\u00f8r og n\u00e5 sist ogs\u00e5 temasett, og er tilordnet de velkjente BRUDER-kategoriene. Enten som sj\u00e5f\u00f8r, rytter, vannsportentusiast eller p\u00e5 sykehusavdelingen eller motorsykkelverkstedet, gir bworld-varer timevis med moro alene eller er det perfekte tillegget til de detaljerte kj\u00f8ret\u00f8yene. Med de nye temasettene kan du dykke enda dypere inn i BRUDERs verden. Trykte veggelementer med justerbare f\u00f8tter som er enkle \u00e5 montere, skaper n\u00e5 bakteppet for enda mer realistisk lek, og det nye hyllesystemet muliggj\u00f8r interaksjon med elementene.<\/p>\n","protected":false},"excerpt":{"rendered":"<p>Bruder<\/p>\n","protected":false},"featured_media":0,"template":"","meta":{"content-type":"","_monsterinsights_skip_tracking":false,"_monsterinsights_sitenote_active":false,"_monsterinsights_sitenote_note":"","_monsterinsights_sitenote_category":0},"product_brand":[],"product_cat":[1705],"product_tag":[],"brand":[],"target-group":[],"discontinued":[],"class_list":{"0":"post-619191","1":"product","2":"type-product","3":"status-publish","5":"product_cat-bruder-leker","7":"first","8":"instock","9":"taxable","10":"shipping-taxable","11":"product-type-simple"},"aioseo_notices":[],"_links":{"self":[{"href":"https:\/\/games.tactic.net\/no\/wp-json\/wp\/v2\/product\/619191","targetHints":{"allow":["GET"]}}],"collection":[{"href":"https:\/\/games.tactic.net\/no\/wp-json\/wp\/v2\/product"}],"about":[{"href":"https:\/\/games.tactic.net\/no\/wp-json\/wp\/v2\/types\/product"}],"wp:attachment":[{"href":"https:\/\/games.tactic.net\/no\/wp-json\/wp\/v2\/media?parent=619191"}],"wp:term":[{"taxonomy":"product_brand","embeddable":true,"href":"https:\/\/games.tactic.net\/no\/wp-json\/wp\/v2\/product_brand?post=619191"},{"taxonomy":"product_cat","embeddable":true,"href":"https:\/\/games.tactic.net\/no\/wp-json\/wp\/v2\/product_cat?post=619191"},{"taxonomy":"product_tag","embeddable":true,"href":"https:\/\/games.tactic.net\/no\/wp-json\/wp\/v2\/product_tag?post=619191"},{"taxonomy":"brand","embeddable":true,"href":"https:\/\/games.tactic.net\/no\/wp-json\/wp\/v2\/brand?post=619191"},{"taxonomy":"target-group","embeddable":true,"href":"https:\/\/games.tactic.net\/no\/wp-json\/wp\/v2\/target-group?post=619191"},{"taxonomy":"discontinued","embeddable":true,"href":"https:\/\/games.tactic.net\/no\/wp-json\/wp\/v2\/discontinued?post=619191"}],"curies":[{"name":"wp","href":"https:\/\/api.w.org\/{rel}","templated":true}]}}