{"id":619162,"date":"2022-08-10T12:02:22","date_gmt":"2022-08-10T09:02:22","guid":{"rendered":"http:\/\/games.tactic.net\/tuote\/john-deere-7r-350-with-frontloadertipping-trailer\/"},"modified":"2023-10-20T17:09:36","modified_gmt":"2023-10-20T14:09:36","slug":"john-deere-7r-350-with-frontloadertipping-trailer","status":"publish","type":"product","link":"https:\/\/games.tactic.net\/no\/tuote\/john-deere-7r-350-with-frontloadertipping-trailer\/","title":{"rendered":"John Deere 7R 350 med frontlaster og tandemakseltipphenger"},"content":{"rendered":"<p>Moderne landbruk trenger moderne traktorer. Siden b\u00f8ndenes arbeid ikke bare er komplekst, men ogs\u00e5 fullt av utfordringer, trenger de riktig teknologi for \u00e5 lykkes. John Deere 7R-seriens traktorer kombinerer lav totalvekt med h\u00f8y ytelse. Denne smidige traktoren \u00f8ker ikke bare transporten, men flytter ogs\u00e5 hver g\u00e5rd fremover. Denne viktige traktoren er ny hos BRUDER, hvor den er \u00e5 finne i verden med landbrukstema. Tro mot BRUDER-mottoet &laquo;akkurat som den ekte varen&raquo;, er traktoren rik p\u00e5 realistiske detaljer. Panseret \u00e5pnes og viser den imponerende motoren. D\u00f8rene kan \u00e5pnes og gir den valgfrie bworld-figurene plass i en moderne hytte. Typisk for BRUDER er den utmerkede kontrollerbarheten og kj\u00f8rekomforten p\u00e5 grunn av den monterte oscillerende akselen samt styreforlengelsen som kan settes inn gjennom skyvetaket. Dette settet har ogs\u00e5 en tandemakselhenger i John Deere-farger. Tilhengeren har vippefunksjon. De \u00f8vre sidepanelene kan fjernes og de nedre sidepanelene kan \u00e5pnes til 3 sider. Takket v\u00e6re den h\u00f8ydejusterbare koblingen bak p\u00e5 traktoren, kan imidlertid alle andre tilhengere i verden med landbrukstema ogs\u00e5 brukes og lastes samtidig med den eksisterende frontlasteren.<\/p>\n","protected":false},"excerpt":{"rendered":"<p>Bruder<\/p>\n","protected":false},"featured_media":0,"template":"","meta":{"content-type":"","_monsterinsights_skip_tracking":false,"_monsterinsights_sitenote_active":false,"_monsterinsights_sitenote_note":"","_monsterinsights_sitenote_category":0},"product_brand":[],"product_cat":[1705],"product_tag":[],"brand":[],"target-group":[],"discontinued":[],"class_list":{"0":"post-619162","1":"product","2":"type-product","3":"status-publish","5":"product_cat-bruder-leker","7":"first","8":"instock","9":"taxable","10":"shipping-taxable","11":"product-type-simple"},"aioseo_notices":[],"_links":{"self":[{"href":"https:\/\/games.tactic.net\/no\/wp-json\/wp\/v2\/product\/619162","targetHints":{"allow":["GET"]}}],"collection":[{"href":"https:\/\/games.tactic.net\/no\/wp-json\/wp\/v2\/product"}],"about":[{"href":"https:\/\/games.tactic.net\/no\/wp-json\/wp\/v2\/types\/product"}],"wp:attachment":[{"href":"https:\/\/games.tactic.net\/no\/wp-json\/wp\/v2\/media?parent=619162"}],"wp:term":[{"taxonomy":"product_brand","embeddable":true,"href":"https:\/\/games.tactic.net\/no\/wp-json\/wp\/v2\/product_brand?post=619162"},{"taxonomy":"product_cat","embeddable":true,"href":"https:\/\/games.tactic.net\/no\/wp-json\/wp\/v2\/product_cat?post=619162"},{"taxonomy":"product_tag","embeddable":true,"href":"https:\/\/games.tactic.net\/no\/wp-json\/wp\/v2\/product_tag?post=619162"},{"taxonomy":"brand","embeddable":true,"href":"https:\/\/games.tactic.net\/no\/wp-json\/wp\/v2\/brand?post=619162"},{"taxonomy":"target-group","embeddable":true,"href":"https:\/\/games.tactic.net\/no\/wp-json\/wp\/v2\/target-group?post=619162"},{"taxonomy":"discontinued","embeddable":true,"href":"https:\/\/games.tactic.net\/no\/wp-json\/wp\/v2\/discontinued?post=619162"}],"curies":[{"name":"wp","href":"https:\/\/api.w.org\/{rel}","templated":true}]}}