{"id":619061,"date":"2022-08-10T11:38:12","date_gmt":"2022-08-10T08:38:12","guid":{"rendered":"http:\/\/games.tactic.net\/tuote\/john-deere-7r-350\/"},"modified":"2023-10-20T17:08:23","modified_gmt":"2023-10-20T14:08:23","slug":"john-deere-7r-350","status":"publish","type":"product","link":"https:\/\/games.tactic.net\/no\/tuote\/john-deere-7r-350\/","title":{"rendered":"Bruder John Deere 7R 350 traktor lekesett"},"content":{"rendered":"<p>Moderne landbruk er komplekst og krever riktig teknologi. John Deere 7R-serien kombinerer lav egenvekt med h\u00f8y ytelse. Den er smidig, \u00f8ker transporthastigheten og l\u00f8fter enhver g\u00e5rd. Denne viktige traktoren er ny i BRUDERs landbrukstema. Tro mot mottoet \u00abAkkurat som i virkeligheten\u00bb: panser som \u00e5pnes og viser motoren, d\u00f8rer som kan \u00e5pnes, pendelaksel og styring via taket. Frontlaster (03333) kan monteres for mer lek. Alle BRUDER landbrukshengere kan kobles bak.<\/p>\n","protected":false},"excerpt":{"rendered":"<p>John Deere 7R 350 traktor \u2013 lett, men kraftig. Med realistiske detaljer som \u00e5pne d\u00f8rer, motorluke, styring og fj\u00e6ring. Passer alle BRUDER-tilhengere.<\/p>\n","protected":false},"featured_media":0,"template":"","meta":{"content-type":"","_monsterinsights_skip_tracking":false,"_monsterinsights_sitenote_active":false,"_monsterinsights_sitenote_note":"","_monsterinsights_sitenote_category":0},"product_brand":[],"product_cat":[1705],"product_tag":[],"brand":[],"target-group":[],"discontinued":[],"class_list":{"0":"post-619061","1":"product","2":"type-product","3":"status-publish","5":"product_cat-bruder-leker","7":"first","8":"instock","9":"taxable","10":"shipping-taxable","11":"product-type-simple"},"aioseo_notices":[],"_links":{"self":[{"href":"https:\/\/games.tactic.net\/no\/wp-json\/wp\/v2\/product\/619061","targetHints":{"allow":["GET"]}}],"collection":[{"href":"https:\/\/games.tactic.net\/no\/wp-json\/wp\/v2\/product"}],"about":[{"href":"https:\/\/games.tactic.net\/no\/wp-json\/wp\/v2\/types\/product"}],"wp:attachment":[{"href":"https:\/\/games.tactic.net\/no\/wp-json\/wp\/v2\/media?parent=619061"}],"wp:term":[{"taxonomy":"product_brand","embeddable":true,"href":"https:\/\/games.tactic.net\/no\/wp-json\/wp\/v2\/product_brand?post=619061"},{"taxonomy":"product_cat","embeddable":true,"href":"https:\/\/games.tactic.net\/no\/wp-json\/wp\/v2\/product_cat?post=619061"},{"taxonomy":"product_tag","embeddable":true,"href":"https:\/\/games.tactic.net\/no\/wp-json\/wp\/v2\/product_tag?post=619061"},{"taxonomy":"brand","embeddable":true,"href":"https:\/\/games.tactic.net\/no\/wp-json\/wp\/v2\/brand?post=619061"},{"taxonomy":"target-group","embeddable":true,"href":"https:\/\/games.tactic.net\/no\/wp-json\/wp\/v2\/target-group?post=619061"},{"taxonomy":"discontinued","embeddable":true,"href":"https:\/\/games.tactic.net\/no\/wp-json\/wp\/v2\/discontinued?post=619061"}],"curies":[{"name":"wp","href":"https:\/\/api.w.org\/{rel}","templated":true}]}}