{"id":619032,"date":"2022-08-10T11:29:34","date_gmt":"2022-08-10T08:29:34","guid":{"rendered":"http:\/\/games.tactic.net\/tuote\/volvo-wheel-loader-l260h\/"},"modified":"2023-10-20T17:07:13","modified_gmt":"2023-10-20T14:07:13","slug":"volvo-wheel-loader-l260h","status":"publish","type":"product","link":"https:\/\/games.tactic.net\/no\/tuote\/volvo-wheel-loader-l260h\/","title":{"rendered":"Volvo Hjullaster L260H"},"content":{"rendered":"<p>Effektivitet i transport og bevaring av ressurser er n\u00f8kkelkrav for moderne anleggsmaskiner. Knapt noen hjullaster kombinerer disse kravene s\u00e5 godt som den nye Volvo L260H. Takket v\u00e6re sin moderne kombinasjon av motor, automatikk og hydraulikk er drivstofforbruket 10 % lavere enn forgjengeren. Med en arbeidsvekt p\u00e5 opptil 35 tonn er denne lasteren en skikkelig tungarbeider for steinbrudd og grusarbeider. Denne imponerende hjullasteren er det siste h\u00f8ydepunktet i temaverdenen for anleggskj\u00f8ret\u00f8y hos BRUDER. Modellen til Volvo L260H er utstyrt med en fullt funksjonell lastearm og en imponerende, vippbar skuff. Den detaljerte kabinen fungerer som en arbeidsstasjon for BRUDER bworld-figurene. Motordekselet bak kan \u00e5pnes for diverse servicearbeid.<\/p>\n","protected":false},"excerpt":{"rendered":"<p>Effektivitet i transport og bevaring av ressurser er n\u00f8kkelkrav for moderne anleggsmaskiner. Knapt noen hjullaster kombinerer disse kravene s\u00e5 godt som den nye Volvo L260H.<\/p>\n","protected":false},"featured_media":0,"template":"","meta":{"content-type":"","_monsterinsights_skip_tracking":false,"_monsterinsights_sitenote_active":false,"_monsterinsights_sitenote_note":"","_monsterinsights_sitenote_category":0},"product_brand":[],"product_cat":[1705],"product_tag":[],"brand":[],"target-group":[],"discontinued":[],"class_list":{"0":"post-619032","1":"product","2":"type-product","3":"status-publish","5":"product_cat-bruder-leker","7":"first","8":"instock","9":"taxable","10":"shipping-taxable","11":"product-type-simple"},"aioseo_notices":[],"_links":{"self":[{"href":"https:\/\/games.tactic.net\/no\/wp-json\/wp\/v2\/product\/619032","targetHints":{"allow":["GET"]}}],"collection":[{"href":"https:\/\/games.tactic.net\/no\/wp-json\/wp\/v2\/product"}],"about":[{"href":"https:\/\/games.tactic.net\/no\/wp-json\/wp\/v2\/types\/product"}],"wp:attachment":[{"href":"https:\/\/games.tactic.net\/no\/wp-json\/wp\/v2\/media?parent=619032"}],"wp:term":[{"taxonomy":"product_brand","embeddable":true,"href":"https:\/\/games.tactic.net\/no\/wp-json\/wp\/v2\/product_brand?post=619032"},{"taxonomy":"product_cat","embeddable":true,"href":"https:\/\/games.tactic.net\/no\/wp-json\/wp\/v2\/product_cat?post=619032"},{"taxonomy":"product_tag","embeddable":true,"href":"https:\/\/games.tactic.net\/no\/wp-json\/wp\/v2\/product_tag?post=619032"},{"taxonomy":"brand","embeddable":true,"href":"https:\/\/games.tactic.net\/no\/wp-json\/wp\/v2\/brand?post=619032"},{"taxonomy":"target-group","embeddable":true,"href":"https:\/\/games.tactic.net\/no\/wp-json\/wp\/v2\/target-group?post=619032"},{"taxonomy":"discontinued","embeddable":true,"href":"https:\/\/games.tactic.net\/no\/wp-json\/wp\/v2\/discontinued?post=619032"}],"curies":[{"name":"wp","href":"https:\/\/api.w.org\/{rel}","templated":true}]}}