{"id":618076,"date":"2022-08-02T08:31:54","date_gmt":"2022-08-02T05:31:54","guid":{"rendered":"http:\/\/games.tactic.net\/tuote\/gratulerer-med-dagen\/"},"modified":"2023-09-27T12:06:08","modified_gmt":"2023-09-27T09:06:08","slug":"gratulerer-med-dagen","status":"publish","type":"product","link":"https:\/\/games.tactic.net\/no\/tuote\/gratulerer-med-dagen\/","title":{"rendered":"Gratulerer med dagen!"},"content":{"rendered":"<p>Kom \u00e5 feire din egen bursdag or bursdagen til vennene dine! Kos deg p\u00e5 denne dagen med gode venner, deilige godbiter og morsomme leker. N\u00e5r selskapet er over, er det fint \u00e5 huske de glade \u00f8yeblikkene. S\u00e5 er det bare \u00e5 begynne \u00e5 planlegge neste g\u00f8yale bursdagsfest! Gratulerer med dagen!<\/p>\n","protected":false},"excerpt":{"rendered":"<p>Kom \u00e5 feire din egen bursdag or bursdagen til vennene dine! Kos deg p\u00e5 denne dagen med gode venner, deilige godbiter og morsomme leker. N\u00e5r selskapet er over, er det fint \u00e5 huske de glade \u00f8yeblikkene. S\u00e5 er det bare \u00e5 begynne \u00e5 planlegge neste g\u00f8yale bursdagsfest! Gratulerer med dagen!<\/p>\n","protected":false},"featured_media":0,"template":"","meta":{"content-type":"","_monsterinsights_skip_tracking":false,"_monsterinsights_sitenote_active":false,"_monsterinsights_sitenote_note":"","_monsterinsights_sitenote_category":0},"product_brand":[],"product_cat":[2039],"product_tag":[],"brand":[],"target-group":[],"discontinued":[],"class_list":{"0":"post-618076","1":"product","2":"type-product","3":"status-publish","5":"product_cat-aktivitetsboker-m-klistremerker","7":"first","8":"instock","9":"taxable","10":"shipping-taxable","11":"product-type-simple"},"aioseo_notices":[],"_links":{"self":[{"href":"https:\/\/games.tactic.net\/no\/wp-json\/wp\/v2\/product\/618076","targetHints":{"allow":["GET"]}}],"collection":[{"href":"https:\/\/games.tactic.net\/no\/wp-json\/wp\/v2\/product"}],"about":[{"href":"https:\/\/games.tactic.net\/no\/wp-json\/wp\/v2\/types\/product"}],"wp:attachment":[{"href":"https:\/\/games.tactic.net\/no\/wp-json\/wp\/v2\/media?parent=618076"}],"wp:term":[{"taxonomy":"product_brand","embeddable":true,"href":"https:\/\/games.tactic.net\/no\/wp-json\/wp\/v2\/product_brand?post=618076"},{"taxonomy":"product_cat","embeddable":true,"href":"https:\/\/games.tactic.net\/no\/wp-json\/wp\/v2\/product_cat?post=618076"},{"taxonomy":"product_tag","embeddable":true,"href":"https:\/\/games.tactic.net\/no\/wp-json\/wp\/v2\/product_tag?post=618076"},{"taxonomy":"brand","embeddable":true,"href":"https:\/\/games.tactic.net\/no\/wp-json\/wp\/v2\/brand?post=618076"},{"taxonomy":"target-group","embeddable":true,"href":"https:\/\/games.tactic.net\/no\/wp-json\/wp\/v2\/target-group?post=618076"},{"taxonomy":"discontinued","embeddable":true,"href":"https:\/\/games.tactic.net\/no\/wp-json\/wp\/v2\/discontinued?post=618076"}],"curies":[{"name":"wp","href":"https:\/\/api.w.org\/{rel}","templated":true}]}}