{"id":617949,"date":"2022-08-02T08:23:21","date_gmt":"2022-08-02T05:23:21","guid":{"rendered":"http:\/\/games.tactic.net\/tuote\/vi-laerer-oss-a-bruke-blyant\/"},"modified":"2023-09-27T12:07:32","modified_gmt":"2023-09-27T09:07:32","slug":"vi-laerer-oss-a-bruke-blyant","status":"publish","type":"product","link":"https:\/\/games.tactic.net\/no\/tuote\/vi-laerer-oss-a-bruke-blyant\/","title":{"rendered":"Vi l\u00e6rer oss \u00e5 Bruke blyant"},"content":{"rendered":"<p>En aktivitetsbok som l\u00e6rer deg \u00e5 bruke blyanten! Med fargerike illustrasjoner f\u00e5r barna lyst til \u00e5 l\u00f8se aktivitetene med blyant mes finmotorikken og riktig blyantgrep gradvis utvikles. F\u00f8lg labyrintene, fargelegg og tegn, let og finn like. Med nyttige tips til foreldrene!<\/p>\n","protected":false},"excerpt":{"rendered":"<p>En aktivitetsbok som l\u00e6rer deg \u00e5 bruke blyanten! Med fargerike illustrasjoner f\u00e5r barna lyst til \u00e5 l\u00f8se aktivitetene med blyant mes finmotorikken og riktig blyantgrep gradvis utvikles. F\u00f8lg labyrintene, fargelegg og tegn, let og finn like. Med nyttige tips til foreldrene!<\/p>\n","protected":false},"featured_media":0,"template":"","meta":{"content-type":"","_monsterinsights_skip_tracking":false,"_monsterinsights_sitenote_active":false,"_monsterinsights_sitenote_note":"","_monsterinsights_sitenote_category":0},"product_brand":[],"product_cat":[2026],"product_tag":[1255],"brand":[{"id":861,"name":"Let's Learn","slug":"letslearn-no"}],"target-group":[],"discontinued":[],"class_list":{"0":"post-617949","1":"product","2":"type-product","3":"status-publish","5":"product_cat-aktivitetsboker","6":"product_tag-pedagogisk-no","7":"brand-letslearn-no","9":"first","10":"instock","11":"taxable","12":"shipping-taxable","13":"product-type-simple"},"aioseo_notices":[],"_links":{"self":[{"href":"https:\/\/games.tactic.net\/no\/wp-json\/wp\/v2\/product\/617949","targetHints":{"allow":["GET"]}}],"collection":[{"href":"https:\/\/games.tactic.net\/no\/wp-json\/wp\/v2\/product"}],"about":[{"href":"https:\/\/games.tactic.net\/no\/wp-json\/wp\/v2\/types\/product"}],"wp:attachment":[{"href":"https:\/\/games.tactic.net\/no\/wp-json\/wp\/v2\/media?parent=617949"}],"wp:term":[{"taxonomy":"product_brand","embeddable":true,"href":"https:\/\/games.tactic.net\/no\/wp-json\/wp\/v2\/product_brand?post=617949"},{"taxonomy":"product_cat","embeddable":true,"href":"https:\/\/games.tactic.net\/no\/wp-json\/wp\/v2\/product_cat?post=617949"},{"taxonomy":"product_tag","embeddable":true,"href":"https:\/\/games.tactic.net\/no\/wp-json\/wp\/v2\/product_tag?post=617949"},{"taxonomy":"brand","embeddable":true,"href":"https:\/\/games.tactic.net\/no\/wp-json\/wp\/v2\/brand?post=617949"},{"taxonomy":"target-group","embeddable":true,"href":"https:\/\/games.tactic.net\/no\/wp-json\/wp\/v2\/target-group?post=617949"},{"taxonomy":"discontinued","embeddable":true,"href":"https:\/\/games.tactic.net\/no\/wp-json\/wp\/v2\/discontinued?post=617949"}],"curies":[{"name":"wp","href":"https:\/\/api.w.org\/{rel}","templated":true}]}}