{"id":617862,"date":"2022-08-02T08:02:52","date_gmt":"2022-08-02T05:02:52","guid":{"rendered":"http:\/\/games.tactic.net\/tuote\/enhjorning-venner-aktivitetsbok\/"},"modified":"2023-10-23T10:35:25","modified_gmt":"2023-10-23T07:35:25","slug":"enhjorning-venner-aktivitetsbok","status":"publish","type":"product","link":"https:\/\/games.tactic.net\/no\/tuote\/enhjorning-venner-aktivitetsbok\/","title":{"rendered":"Enhj\u00f8rning venner aktivitetsbok"},"content":{"rendered":"<p>La fantasien fly og bes\u00f8k den fortryllede eventyrverdenen av bed\u00e5rende enhj\u00f8rninger. Bli venn med disse magiske skapningene, fly ved siden av dem og f\u00f8l deg hjemme i deres rike. Bruk vakre, vidunderlige farger for \u00e5 vekke lykke og glede!<\/p>\n","protected":false},"excerpt":{"rendered":"<p>La fantasien fly og bes\u00f8k den fortryllede eventyrverdenen av bed\u00e5rende enhj\u00f8rninger. Bli venn med disse magiske skapningene, fly ved siden av dem og f\u00f8l deg hjemme i deres rike. Bruk vakre, vidunderlige farger for \u00e5 vekke lykke og glede!<\/p>\n","protected":false},"featured_media":617848,"template":"","meta":{"content-type":"","_monsterinsights_skip_tracking":false,"_monsterinsights_sitenote_active":false,"_monsterinsights_sitenote_note":"","_monsterinsights_sitenote_category":0},"product_brand":[],"product_cat":[2026],"product_tag":[],"brand":[],"target-group":[],"discontinued":[],"class_list":{"0":"post-617862","1":"product","2":"type-product","3":"status-publish","4":"has-post-thumbnail","6":"product_cat-aktivitetsboker","8":"first","9":"outofstock","10":"taxable","11":"shipping-taxable","12":"product-type-simple"},"aioseo_notices":[],"_links":{"self":[{"href":"https:\/\/games.tactic.net\/no\/wp-json\/wp\/v2\/product\/617862","targetHints":{"allow":["GET"]}}],"collection":[{"href":"https:\/\/games.tactic.net\/no\/wp-json\/wp\/v2\/product"}],"about":[{"href":"https:\/\/games.tactic.net\/no\/wp-json\/wp\/v2\/types\/product"}],"wp:featuredmedia":[{"embeddable":true,"href":"https:\/\/games.tactic.net\/no\/wp-json\/wp\/v2\/media\/617848"}],"wp:attachment":[{"href":"https:\/\/games.tactic.net\/no\/wp-json\/wp\/v2\/media?parent=617862"}],"wp:term":[{"taxonomy":"product_brand","embeddable":true,"href":"https:\/\/games.tactic.net\/no\/wp-json\/wp\/v2\/product_brand?post=617862"},{"taxonomy":"product_cat","embeddable":true,"href":"https:\/\/games.tactic.net\/no\/wp-json\/wp\/v2\/product_cat?post=617862"},{"taxonomy":"product_tag","embeddable":true,"href":"https:\/\/games.tactic.net\/no\/wp-json\/wp\/v2\/product_tag?post=617862"},{"taxonomy":"brand","embeddable":true,"href":"https:\/\/games.tactic.net\/no\/wp-json\/wp\/v2\/brand?post=617862"},{"taxonomy":"target-group","embeddable":true,"href":"https:\/\/games.tactic.net\/no\/wp-json\/wp\/v2\/target-group?post=617862"},{"taxonomy":"discontinued","embeddable":true,"href":"https:\/\/games.tactic.net\/no\/wp-json\/wp\/v2\/discontinued?post=617862"}],"curies":[{"name":"wp","href":"https:\/\/api.w.org\/{rel}","templated":true}]}}