{"id":613689,"date":"2022-07-07T10:09:49","date_gmt":"2022-07-07T07:09:49","guid":{"rendered":"http:\/\/games.tactic.net\/tuote\/aktivitetsbok-isprinsesser\/"},"modified":"2023-01-03T15:24:44","modified_gmt":"2023-01-03T13:24:44","slug":"aktivitetsbok-isprinsesser","status":"publish","type":"product","link":"https:\/\/games.tactic.net\/no\/tuote\/aktivitetsbok-isprinsesser\/","title":{"rendered":"AKTIVITETSBOK ISPRINSESSER"},"content":{"rendered":"<p>Velkommen til en verden av is og sn\u00f8! Hvilken sn\u00f8fnugg er like? Hvilket isslott liker du best? Ha det g\u00f8y med vakre prinsesser i vinterantrekkene deres, og l\u00f8s frostfylte aktiviteter midt i fantastiske vinterlandskap!<\/p>\n","protected":false},"excerpt":{"rendered":"<p>Velkommen til en verden av is og sn\u00f8! Hvilken sn\u00f8fnugg er like? Hvilket isslott liker du best? Ha det g\u00f8y med vakre prinsesser i vinterantrekkene deres, og l\u00f8s frostfylte aktiviteter midt i fantastiske vinterlandskap!<\/p>\n","protected":false},"featured_media":0,"template":"","meta":{"content-type":"","_monsterinsights_skip_tracking":false,"_monsterinsights_sitenote_active":false,"_monsterinsights_sitenote_note":"","_monsterinsights_sitenote_category":0},"product_brand":[],"product_cat":[2026],"product_tag":[],"brand":[],"target-group":[],"discontinued":[],"class_list":{"0":"post-613689","1":"product","2":"type-product","3":"status-publish","5":"product_cat-aktivitetsboker","7":"first","8":"instock","9":"taxable","10":"shipping-taxable","11":"product-type-simple"},"aioseo_notices":[],"_links":{"self":[{"href":"https:\/\/games.tactic.net\/no\/wp-json\/wp\/v2\/product\/613689","targetHints":{"allow":["GET"]}}],"collection":[{"href":"https:\/\/games.tactic.net\/no\/wp-json\/wp\/v2\/product"}],"about":[{"href":"https:\/\/games.tactic.net\/no\/wp-json\/wp\/v2\/types\/product"}],"wp:attachment":[{"href":"https:\/\/games.tactic.net\/no\/wp-json\/wp\/v2\/media?parent=613689"}],"wp:term":[{"taxonomy":"product_brand","embeddable":true,"href":"https:\/\/games.tactic.net\/no\/wp-json\/wp\/v2\/product_brand?post=613689"},{"taxonomy":"product_cat","embeddable":true,"href":"https:\/\/games.tactic.net\/no\/wp-json\/wp\/v2\/product_cat?post=613689"},{"taxonomy":"product_tag","embeddable":true,"href":"https:\/\/games.tactic.net\/no\/wp-json\/wp\/v2\/product_tag?post=613689"},{"taxonomy":"brand","embeddable":true,"href":"https:\/\/games.tactic.net\/no\/wp-json\/wp\/v2\/brand?post=613689"},{"taxonomy":"target-group","embeddable":true,"href":"https:\/\/games.tactic.net\/no\/wp-json\/wp\/v2\/target-group?post=613689"},{"taxonomy":"discontinued","embeddable":true,"href":"https:\/\/games.tactic.net\/no\/wp-json\/wp\/v2\/discontinued?post=613689"}],"curies":[{"name":"wp","href":"https:\/\/api.w.org\/{rel}","templated":true}]}}