{"id":613451,"date":"2022-07-06T13:29:46","date_gmt":"2022-07-06T10:29:46","guid":{"rendered":"http:\/\/games.tactic.net\/tuote\/linde-ht160-forklift-with-pallet-and-3-pal-cages\/"},"modified":"2023-10-20T16:20:00","modified_gmt":"2023-10-20T13:20:00","slug":"linde-ht160-forklift-with-pallet-and-3-pal-cages","status":"publish","type":"product","link":"https:\/\/games.tactic.net\/no\/tuote\/linde-ht160-forklift-with-pallet-and-3-pal-cages\/","title":{"rendered":"Linde HT160 Gaffeltruck med pall og 3 pallebur"},"content":{"rendered":"<p>Linde HT-modeller er raske og \u00f8konomiske n\u00e5r de h\u00e5ndterer tung last. Disse modellene sikrer h\u00f8y h\u00e5ndteringsytelse, spesielt over lange avstander. Ny hos BRUDER, Linde HT160 fra denne serien er en detaljert modell i verden med nyttekj\u00f8ret\u00f8y. Den originale modellen har en imponerende lastekapasitet p\u00e5 16 tonn, en l\u00f8fteh\u00f8yde p\u00e5 4 meter, og toppmoderne skjermer i f\u00f8rerhuset. BRUDER-modellen er lik i alle detaljer. Det moderne f\u00f8rerhuset er helglass og gir en valgfri bworld-figur med utmerket sikt hele veien rundt. Trucken er utstyrt med en dobbell\u00f8ftmast, hvis l\u00f8fte- og vippefunksjon kan betjenes med \u00e9n h\u00e5nd. Modellen har lettbetjent styring som gj\u00f8r at barn kan man\u00f8vrere p\u00e5 de trangeste plassene, akkurat som originalen. En kraftig pall for transport av store laster og 3 pallebur er inkludert.<\/p>\n","protected":false},"excerpt":{"rendered":"<p>Bruder<\/p>\n","protected":false},"featured_media":0,"template":"","meta":{"content-type":"","_monsterinsights_skip_tracking":false,"_monsterinsights_sitenote_active":false,"_monsterinsights_sitenote_note":"","_monsterinsights_sitenote_category":0},"product_brand":[],"product_cat":[1705],"product_tag":[],"brand":[],"target-group":[],"discontinued":[],"class_list":{"0":"post-613451","1":"product","2":"type-product","3":"status-publish","5":"product_cat-bruder-leker","7":"first","8":"instock","9":"taxable","10":"shipping-taxable","11":"product-type-simple"},"aioseo_notices":[],"_links":{"self":[{"href":"https:\/\/games.tactic.net\/no\/wp-json\/wp\/v2\/product\/613451","targetHints":{"allow":["GET"]}}],"collection":[{"href":"https:\/\/games.tactic.net\/no\/wp-json\/wp\/v2\/product"}],"about":[{"href":"https:\/\/games.tactic.net\/no\/wp-json\/wp\/v2\/types\/product"}],"wp:attachment":[{"href":"https:\/\/games.tactic.net\/no\/wp-json\/wp\/v2\/media?parent=613451"}],"wp:term":[{"taxonomy":"product_brand","embeddable":true,"href":"https:\/\/games.tactic.net\/no\/wp-json\/wp\/v2\/product_brand?post=613451"},{"taxonomy":"product_cat","embeddable":true,"href":"https:\/\/games.tactic.net\/no\/wp-json\/wp\/v2\/product_cat?post=613451"},{"taxonomy":"product_tag","embeddable":true,"href":"https:\/\/games.tactic.net\/no\/wp-json\/wp\/v2\/product_tag?post=613451"},{"taxonomy":"brand","embeddable":true,"href":"https:\/\/games.tactic.net\/no\/wp-json\/wp\/v2\/brand?post=613451"},{"taxonomy":"target-group","embeddable":true,"href":"https:\/\/games.tactic.net\/no\/wp-json\/wp\/v2\/target-group?post=613451"},{"taxonomy":"discontinued","embeddable":true,"href":"https:\/\/games.tactic.net\/no\/wp-json\/wp\/v2\/discontinued?post=613451"}],"curies":[{"name":"wp","href":"https:\/\/api.w.org\/{rel}","templated":true}]}}