{"id":595958,"date":"2022-06-07T12:18:08","date_gmt":"2022-06-07T09:18:08","guid":{"rendered":"http:\/\/games.tactic.net\/tuote\/babblarna-fingerdukker-6-ass\/"},"modified":"2024-06-25T08:28:29","modified_gmt":"2024-06-25T05:28:29","slug":"babblarna-fingerdukker-6-ass","status":"publish","type":"product","link":"https:\/\/games.tactic.net\/no\/tuote\/babblarna-fingerdukker-6-ass\/","title":{"rendered":"Babblarna &#8211; Fingerdukker 10 cm, 6 ass i display"},"content":{"rendered":"<p>Babblarna er lyddukker med fonologiske navn. Ved \u00e5 leke med figurene l\u00e6rer barnet \u00e5 h\u00f8re forskjell p\u00e5 de forskjellige lydene i spr\u00e5ket. Babblarna er med p\u00e5 \u00e5 vekke nysgjerrigheten hos barnet, og gir lyst til \u00e5 utvikle spr\u00e5ket. N\u00e5r man \u00b4babblar\u00b4 leker og trener man aktivt spr\u00e5klyder, spr\u00e5kmelodier, uttrykk og grammatikk. Navnene p\u00e5 figurene motsvarer de f\u00f8rste spr\u00e5klydene hos barn. Produktet er testet og godkjent fra nyf\u00f8dt. Kan vaskes p\u00e5 40 grader i maskin. Produktet har broderte detaljer, er flammesikkert &#8211; det er ikke tilsatt flammehemmende midler og har testede s\u00f8mmer.<\/p>\n","protected":false},"excerpt":{"rendered":"<p>Babblarna er lyddukker med fonologiske navn. Ved \u00e5 leke med figurene l\u00e6rer barnet \u00e5 h\u00f8re forskjell p\u00e5 de forskjellige lydene i spr\u00e5ket. Babblarna er med p\u00e5 \u00e5 vekke nysgjerrigheten hos barnet, og gir lyst til \u00e5 utvikle spr\u00e5ket. N\u00e5r man \u00b4babblar\u00b4 leker og trener man aktivt spr\u00e5klyder, spr\u00e5kmelodier, uttrykk og grammatikk. Navnene p\u00e5 figurene motsvarer [&hellip;]<\/p>\n","protected":false},"featured_media":0,"template":"","meta":{"content-type":"","_monsterinsights_skip_tracking":false,"_monsterinsights_sitenote_active":false,"_monsterinsights_sitenote_note":"","_monsterinsights_sitenote_category":0},"product_brand":[],"product_cat":[2054],"product_tag":[],"brand":[],"target-group":[],"discontinued":[],"class_list":{"0":"post-595958","1":"product","2":"type-product","3":"status-publish","5":"product_cat-teddykompaniet-lisens-leker","7":"first","8":"instock","9":"taxable","10":"shipping-taxable","11":"product-type-simple"},"aioseo_notices":[],"_links":{"self":[{"href":"https:\/\/games.tactic.net\/no\/wp-json\/wp\/v2\/product\/595958","targetHints":{"allow":["GET"]}}],"collection":[{"href":"https:\/\/games.tactic.net\/no\/wp-json\/wp\/v2\/product"}],"about":[{"href":"https:\/\/games.tactic.net\/no\/wp-json\/wp\/v2\/types\/product"}],"wp:attachment":[{"href":"https:\/\/games.tactic.net\/no\/wp-json\/wp\/v2\/media?parent=595958"}],"wp:term":[{"taxonomy":"product_brand","embeddable":true,"href":"https:\/\/games.tactic.net\/no\/wp-json\/wp\/v2\/product_brand?post=595958"},{"taxonomy":"product_cat","embeddable":true,"href":"https:\/\/games.tactic.net\/no\/wp-json\/wp\/v2\/product_cat?post=595958"},{"taxonomy":"product_tag","embeddable":true,"href":"https:\/\/games.tactic.net\/no\/wp-json\/wp\/v2\/product_tag?post=595958"},{"taxonomy":"brand","embeddable":true,"href":"https:\/\/games.tactic.net\/no\/wp-json\/wp\/v2\/brand?post=595958"},{"taxonomy":"target-group","embeddable":true,"href":"https:\/\/games.tactic.net\/no\/wp-json\/wp\/v2\/target-group?post=595958"},{"taxonomy":"discontinued","embeddable":true,"href":"https:\/\/games.tactic.net\/no\/wp-json\/wp\/v2\/discontinued?post=595958"}],"curies":[{"name":"wp","href":"https:\/\/api.w.org\/{rel}","templated":true}]}}