{"id":595838,"date":"2022-06-07T12:17:22","date_gmt":"2022-06-07T09:17:22","guid":{"rendered":"http:\/\/games.tactic.net\/tuote\/babblarna-memo\/"},"modified":"2023-08-03T16:06:25","modified_gmt":"2023-08-03T13:06:25","slug":"babblarna-memo","status":"publish","type":"product","link":"https:\/\/games.tactic.net\/no\/tuote\/babblarna-memo\/","title":{"rendered":"Babblarna &#8211; Memo"},"content":{"rendered":"<p>Babblarna er lyddukker med fonologiske navn. Figurene l\u00e6rer barnet \u00e5 h\u00f8re forskjell p\u00e5 de forskjellige lydene i spr\u00e5ket. Babblarna er med p\u00e5 \u00e5 vekke nysgjerrigheten hos barnet og gir lyst til \u00e5 utvikle spr\u00e5ket. N\u00e5r man \u00b4babblar\u00b4 leker og trener man aktivt spr\u00e5klyder, spr\u00e5kmelodier, uttrykk og grammatikk. Navnene p\u00e5 figurene motsvarer de f\u00f8rste spr\u00e5klydene hos barn. Babblarna Memo er et klassisk spill med enkle regler og fine bilder. Det kan spilles om og om igjen, og er b\u00e5de g\u00f8y og l\u00e6rerikt. Finn flest par med like bilder! Det inneholder 72 stk memokort. Minst 2 spillere. Anbefalt fra 2 \u00e5r.<\/p>\n","protected":false},"excerpt":{"rendered":"<p>20x20cm<\/p>\n","protected":false},"featured_media":0,"template":"","meta":{"content-type":"","_monsterinsights_skip_tracking":false,"_monsterinsights_sitenote_active":false,"_monsterinsights_sitenote_note":"","_monsterinsights_sitenote_category":0},"product_brand":[],"product_cat":[2054],"product_tag":[],"brand":[],"target-group":[],"discontinued":[],"class_list":{"0":"post-595838","1":"product","2":"type-product","3":"status-publish","5":"product_cat-teddykompaniet-lisens-leker","7":"first","8":"outofstock","9":"taxable","10":"shipping-taxable","11":"product-type-simple"},"aioseo_notices":[],"_links":{"self":[{"href":"https:\/\/games.tactic.net\/no\/wp-json\/wp\/v2\/product\/595838","targetHints":{"allow":["GET"]}}],"collection":[{"href":"https:\/\/games.tactic.net\/no\/wp-json\/wp\/v2\/product"}],"about":[{"href":"https:\/\/games.tactic.net\/no\/wp-json\/wp\/v2\/types\/product"}],"wp:attachment":[{"href":"https:\/\/games.tactic.net\/no\/wp-json\/wp\/v2\/media?parent=595838"}],"wp:term":[{"taxonomy":"product_brand","embeddable":true,"href":"https:\/\/games.tactic.net\/no\/wp-json\/wp\/v2\/product_brand?post=595838"},{"taxonomy":"product_cat","embeddable":true,"href":"https:\/\/games.tactic.net\/no\/wp-json\/wp\/v2\/product_cat?post=595838"},{"taxonomy":"product_tag","embeddable":true,"href":"https:\/\/games.tactic.net\/no\/wp-json\/wp\/v2\/product_tag?post=595838"},{"taxonomy":"brand","embeddable":true,"href":"https:\/\/games.tactic.net\/no\/wp-json\/wp\/v2\/brand?post=595838"},{"taxonomy":"target-group","embeddable":true,"href":"https:\/\/games.tactic.net\/no\/wp-json\/wp\/v2\/target-group?post=595838"},{"taxonomy":"discontinued","embeddable":true,"href":"https:\/\/games.tactic.net\/no\/wp-json\/wp\/v2\/discontinued?post=595838"}],"curies":[{"name":"wp","href":"https:\/\/api.w.org\/{rel}","templated":true}]}}