{"id":595494,"date":"2022-06-07T12:12:12","date_gmt":"2022-06-07T09:12:12","guid":{"rendered":"http:\/\/games.tactic.net\/tuote\/diinglisar-sutteklut-kanin-bomull-gronn\/"},"modified":"2023-08-03T15:33:27","modified_gmt":"2023-08-03T12:33:27","slug":"diinglisar-sutteklut-kanin-bomull-gronn","status":"publish","type":"product","link":"https:\/\/games.tactic.net\/no\/tuote\/diinglisar-sutteklut-kanin-bomull-gronn\/","title":{"rendered":"Diinglisar sutteklut kanin bomull 40&#215;40 cm gr\u00f8nn"},"content":{"rendered":"<p>Diinglisar sutteklut i \u00d8ko-Tex sertifisert bomull er siste tilskuddet til den kjente Diinglisarserien. De er testet og godkjent fra nyf\u00f8dt. Kan vaskes p\u00e5 40 grader i maskin. Produktet har broderte detaljer, er flammesikkert, &#8211; det er ikke tilsatt flammehemmende midler og har testede s\u00f8mmer. Suttekluten blir bare mykere for hver gang den vaskes.<\/p>\n","protected":false},"excerpt":{"rendered":"<p>Diinglisar sutteklut i \u00d8ko-Tex sertifisert bomull er siste tilskuddet til den kjente Diinglisarserien. De er testet og godkjent fra nyf\u00f8dt. Kan vaskes p\u00e5 40 grader i maskin. Produktet har broderte detaljer, er flammesikkert, &#8211; det er ikke tilsatt flammehemmende midler og har testede s\u00f8mmer. Suttekluten blir bare mykere for hver gang den vaskes.<\/p>\n","protected":false},"featured_media":0,"template":"","meta":{"content-type":"","_monsterinsights_skip_tracking":false,"_monsterinsights_sitenote_active":false,"_monsterinsights_sitenote_note":"","_monsterinsights_sitenote_category":0},"product_brand":[],"product_cat":[2053],"product_tag":[],"brand":[],"target-group":[],"discontinued":[],"class_list":{"0":"post-595494","1":"product","2":"type-product","3":"status-publish","5":"product_cat-teddykompaniet-baby-leker","7":"first","8":"instock","9":"taxable","10":"shipping-taxable","11":"product-type-simple"},"aioseo_notices":[],"_links":{"self":[{"href":"https:\/\/games.tactic.net\/no\/wp-json\/wp\/v2\/product\/595494","targetHints":{"allow":["GET"]}}],"collection":[{"href":"https:\/\/games.tactic.net\/no\/wp-json\/wp\/v2\/product"}],"about":[{"href":"https:\/\/games.tactic.net\/no\/wp-json\/wp\/v2\/types\/product"}],"wp:attachment":[{"href":"https:\/\/games.tactic.net\/no\/wp-json\/wp\/v2\/media?parent=595494"}],"wp:term":[{"taxonomy":"product_brand","embeddable":true,"href":"https:\/\/games.tactic.net\/no\/wp-json\/wp\/v2\/product_brand?post=595494"},{"taxonomy":"product_cat","embeddable":true,"href":"https:\/\/games.tactic.net\/no\/wp-json\/wp\/v2\/product_cat?post=595494"},{"taxonomy":"product_tag","embeddable":true,"href":"https:\/\/games.tactic.net\/no\/wp-json\/wp\/v2\/product_tag?post=595494"},{"taxonomy":"brand","embeddable":true,"href":"https:\/\/games.tactic.net\/no\/wp-json\/wp\/v2\/brand?post=595494"},{"taxonomy":"target-group","embeddable":true,"href":"https:\/\/games.tactic.net\/no\/wp-json\/wp\/v2\/target-group?post=595494"},{"taxonomy":"discontinued","embeddable":true,"href":"https:\/\/games.tactic.net\/no\/wp-json\/wp\/v2\/discontinued?post=595494"}],"curies":[{"name":"wp","href":"https:\/\/api.w.org\/{rel}","templated":true}]}}