{"id":594370,"date":"2022-06-07T11:52:33","date_gmt":"2022-06-07T08:52:33","guid":{"rendered":"http:\/\/games.tactic.net\/tuote\/hampe-lam-spilledase\/"},"modified":"2025-01-27T14:32:38","modified_gmt":"2025-01-27T12:32:38","slug":"hampe-lam-spilledase","status":"archive","type":"product","link":"https:\/\/games.tactic.net\/no\/tuote\/hampe-lam-spilledase\/","title":{"rendered":"Hampe spilled\u00e5se lam 27 cm"},"content":{"rendered":"<p>Spilled\u00e5sen er testet og godkjent fra nyf\u00f8dt. Kan vaskes p\u00e5 40 grader i maskin. Produktet har barnesikre \u00f8yne, er flammesikkert, &#8211; det er ikke tilsatt flammehemmende midler, og har testede s\u00f8mmer. Spiller melodien: Rock a bye baby.<\/p>\n","protected":false},"excerpt":{"rendered":"<p>27cm<\/p>\n","protected":false},"featured_media":0,"template":"","meta":{"content-type":"","_monsterinsights_skip_tracking":false,"_monsterinsights_sitenote_active":false,"_monsterinsights_sitenote_note":"","_monsterinsights_sitenote_category":0},"product_brand":[],"product_cat":[2053],"product_tag":[],"brand":[],"target-group":[],"discontinued":[],"class_list":{"0":"post-594370","1":"product","2":"type-product","3":"status-archive","5":"product_cat-teddykompaniet-baby-leker","7":"first","8":"outofstock","9":"taxable","10":"shipping-taxable","11":"product-type-simple"},"aioseo_notices":[],"_links":{"self":[{"href":"https:\/\/games.tactic.net\/no\/wp-json\/wp\/v2\/product\/594370","targetHints":{"allow":["GET"]}}],"collection":[{"href":"https:\/\/games.tactic.net\/no\/wp-json\/wp\/v2\/product"}],"about":[{"href":"https:\/\/games.tactic.net\/no\/wp-json\/wp\/v2\/types\/product"}],"wp:attachment":[{"href":"https:\/\/games.tactic.net\/no\/wp-json\/wp\/v2\/media?parent=594370"}],"wp:term":[{"taxonomy":"product_brand","embeddable":true,"href":"https:\/\/games.tactic.net\/no\/wp-json\/wp\/v2\/product_brand?post=594370"},{"taxonomy":"product_cat","embeddable":true,"href":"https:\/\/games.tactic.net\/no\/wp-json\/wp\/v2\/product_cat?post=594370"},{"taxonomy":"product_tag","embeddable":true,"href":"https:\/\/games.tactic.net\/no\/wp-json\/wp\/v2\/product_tag?post=594370"},{"taxonomy":"brand","embeddable":true,"href":"https:\/\/games.tactic.net\/no\/wp-json\/wp\/v2\/brand?post=594370"},{"taxonomy":"target-group","embeddable":true,"href":"https:\/\/games.tactic.net\/no\/wp-json\/wp\/v2\/target-group?post=594370"},{"taxonomy":"discontinued","embeddable":true,"href":"https:\/\/games.tactic.net\/no\/wp-json\/wp\/v2\/discontinued?post=594370"}],"curies":[{"name":"wp","href":"https:\/\/api.w.org\/{rel}","templated":true}]}}