{"id":594100,"date":"2022-06-07T11:42:01","date_gmt":"2022-06-07T08:42:01","guid":{"rendered":"http:\/\/games.tactic.net\/tuote\/lolli-bunnies-liten-rosa\/"},"modified":"2023-06-26T12:34:22","modified_gmt":"2023-06-26T09:34:22","slug":"lolli-bunnies-liten-rosa","status":"publish","type":"product","link":"https:\/\/games.tactic.net\/no\/tuote\/lolli-bunnies-liten-rosa\/","title":{"rendered":"Lolli Bunnies kanin 25 cm rosa"},"content":{"rendered":"<p>Testet og godkjent fra nyf\u00f8dt. Kan vaskes p\u00e5 40 grader i maskin. Produktet har broderte \u00f8yne og snute, er flammesikkert. Det er ikke tilsatt flammehemmende midler og s\u00f8mmene er testet.<\/p>\n","protected":false},"excerpt":{"rendered":"<p>25cm<\/p>\n","protected":false},"featured_media":0,"template":"","meta":{"content-type":"","_monsterinsights_skip_tracking":false,"_monsterinsights_sitenote_active":false,"_monsterinsights_sitenote_note":"","_monsterinsights_sitenote_category":0},"product_brand":[],"product_cat":[2053],"product_tag":[],"brand":[],"target-group":[],"discontinued":[],"class_list":{"0":"post-594100","1":"product","2":"type-product","3":"status-publish","5":"product_cat-teddykompaniet-baby-leker","7":"first","8":"outofstock","9":"taxable","10":"shipping-taxable","11":"product-type-simple"},"aioseo_notices":[],"_links":{"self":[{"href":"https:\/\/games.tactic.net\/no\/wp-json\/wp\/v2\/product\/594100","targetHints":{"allow":["GET"]}}],"collection":[{"href":"https:\/\/games.tactic.net\/no\/wp-json\/wp\/v2\/product"}],"about":[{"href":"https:\/\/games.tactic.net\/no\/wp-json\/wp\/v2\/types\/product"}],"wp:attachment":[{"href":"https:\/\/games.tactic.net\/no\/wp-json\/wp\/v2\/media?parent=594100"}],"wp:term":[{"taxonomy":"product_brand","embeddable":true,"href":"https:\/\/games.tactic.net\/no\/wp-json\/wp\/v2\/product_brand?post=594100"},{"taxonomy":"product_cat","embeddable":true,"href":"https:\/\/games.tactic.net\/no\/wp-json\/wp\/v2\/product_cat?post=594100"},{"taxonomy":"product_tag","embeddable":true,"href":"https:\/\/games.tactic.net\/no\/wp-json\/wp\/v2\/product_tag?post=594100"},{"taxonomy":"brand","embeddable":true,"href":"https:\/\/games.tactic.net\/no\/wp-json\/wp\/v2\/brand?post=594100"},{"taxonomy":"target-group","embeddable":true,"href":"https:\/\/games.tactic.net\/no\/wp-json\/wp\/v2\/target-group?post=594100"},{"taxonomy":"discontinued","embeddable":true,"href":"https:\/\/games.tactic.net\/no\/wp-json\/wp\/v2\/discontinued?post=594100"}],"curies":[{"name":"wp","href":"https:\/\/api.w.org\/{rel}","templated":true}]}}