{"id":593815,"date":"2022-06-07T11:33:54","date_gmt":"2022-06-07T08:33:54","guid":{"rendered":"http:\/\/games.tactic.net\/tuote\/diinglisar-uro-kanin-ku\/"},"modified":"2023-08-03T15:25:30","modified_gmt":"2023-08-03T12:25:30","slug":"diinglisar-uro-kanin-ku","status":"publish","type":"product","link":"https:\/\/games.tactic.net\/no\/tuote\/diinglisar-uro-kanin-ku\/","title":{"rendered":"Diinglisar uro kanin &#038; ku"},"content":{"rendered":"<p>Diinglisar er Teddykompaniets mest kjente \u00abkosedyrfamilie\u00bb. Produktet er testet og godkjent fra nyf\u00f8dt. Tekstilene er flammesikre , &#8211; de er ikke tilsatt flammehemmende midler og har testede s\u00f8mmer. De s\u00f8te figurene snurrer og den mekaniske spilled\u00e5sen spiller vuggevisen \u00abLaLeLu\u00bb. Under skyen i midten er det montert et speil som fanger barnets oppmerksomhet. Festeanordning til seng medf\u00f8lger.<\/p>\n","protected":false},"excerpt":{"rendered":"<p>55cm<\/p>\n","protected":false},"featured_media":0,"template":"","meta":{"content-type":"","_monsterinsights_skip_tracking":false,"_monsterinsights_sitenote_active":false,"_monsterinsights_sitenote_note":"","_monsterinsights_sitenote_category":0},"product_brand":[],"product_cat":[2053],"product_tag":[],"brand":[],"target-group":[],"discontinued":[],"class_list":{"0":"post-593815","1":"product","2":"type-product","3":"status-publish","5":"product_cat-teddykompaniet-baby-leker","7":"first","8":"instock","9":"taxable","10":"shipping-taxable","11":"product-type-simple"},"aioseo_notices":[],"_links":{"self":[{"href":"https:\/\/games.tactic.net\/no\/wp-json\/wp\/v2\/product\/593815","targetHints":{"allow":["GET"]}}],"collection":[{"href":"https:\/\/games.tactic.net\/no\/wp-json\/wp\/v2\/product"}],"about":[{"href":"https:\/\/games.tactic.net\/no\/wp-json\/wp\/v2\/types\/product"}],"wp:attachment":[{"href":"https:\/\/games.tactic.net\/no\/wp-json\/wp\/v2\/media?parent=593815"}],"wp:term":[{"taxonomy":"product_brand","embeddable":true,"href":"https:\/\/games.tactic.net\/no\/wp-json\/wp\/v2\/product_brand?post=593815"},{"taxonomy":"product_cat","embeddable":true,"href":"https:\/\/games.tactic.net\/no\/wp-json\/wp\/v2\/product_cat?post=593815"},{"taxonomy":"product_tag","embeddable":true,"href":"https:\/\/games.tactic.net\/no\/wp-json\/wp\/v2\/product_tag?post=593815"},{"taxonomy":"brand","embeddable":true,"href":"https:\/\/games.tactic.net\/no\/wp-json\/wp\/v2\/brand?post=593815"},{"taxonomy":"target-group","embeddable":true,"href":"https:\/\/games.tactic.net\/no\/wp-json\/wp\/v2\/target-group?post=593815"},{"taxonomy":"discontinued","embeddable":true,"href":"https:\/\/games.tactic.net\/no\/wp-json\/wp\/v2\/discontinued?post=593815"}],"curies":[{"name":"wp","href":"https:\/\/api.w.org\/{rel}","templated":true}]}}