{"id":593620,"date":"2022-06-07T11:32:41","date_gmt":"2022-06-07T08:32:41","guid":{"rendered":"http:\/\/games.tactic.net\/tuote\/miffy-liten-4-ass\/"},"modified":"2023-03-03T11:29:48","modified_gmt":"2023-03-03T09:29:48","slug":"miffy-liten-4-ass","status":"archive","type":"product","link":"https:\/\/games.tactic.net\/no\/tuote\/miffy-liten-4-ass\/","title":{"rendered":"MIFFY LITEN, 4 ASS 15 CM"},"content":{"rendered":"<p>Den ikoniske barnebokfiguren leveres i en nydelig kvalitet. Miffy er en herlig lekekamerat, men ogs\u00e5 fin som pynt p\u00e5 barnerommet. Produktet er testet og godkjent fra nyf\u00f8dt. Kan vaskes p\u00e5 40 grader i maskin. Det har broderte detaljer, er flammesikkert, &#8211; det er ikke tilsatt flammehemmende midler og har testede s\u00f8mmer. <\/p>\n","protected":false},"excerpt":{"rendered":"<p>15cm<\/p>\n","protected":false},"featured_media":0,"template":"","meta":{"content-type":"","_monsterinsights_skip_tracking":false,"_monsterinsights_sitenote_active":false,"_monsterinsights_sitenote_note":"","_monsterinsights_sitenote_category":0},"product_brand":[],"product_cat":[2053,2054],"product_tag":[],"brand":[],"target-group":[],"discontinued":[],"class_list":{"0":"post-593620","1":"product","2":"type-product","3":"status-archive","5":"product_cat-teddykompaniet-baby-leker","6":"product_cat-teddykompaniet-lisens-leker","8":"first","9":"outofstock","10":"taxable","11":"shipping-taxable","12":"product-type-simple"},"aioseo_notices":[],"_links":{"self":[{"href":"https:\/\/games.tactic.net\/no\/wp-json\/wp\/v2\/product\/593620","targetHints":{"allow":["GET"]}}],"collection":[{"href":"https:\/\/games.tactic.net\/no\/wp-json\/wp\/v2\/product"}],"about":[{"href":"https:\/\/games.tactic.net\/no\/wp-json\/wp\/v2\/types\/product"}],"wp:attachment":[{"href":"https:\/\/games.tactic.net\/no\/wp-json\/wp\/v2\/media?parent=593620"}],"wp:term":[{"taxonomy":"product_brand","embeddable":true,"href":"https:\/\/games.tactic.net\/no\/wp-json\/wp\/v2\/product_brand?post=593620"},{"taxonomy":"product_cat","embeddable":true,"href":"https:\/\/games.tactic.net\/no\/wp-json\/wp\/v2\/product_cat?post=593620"},{"taxonomy":"product_tag","embeddable":true,"href":"https:\/\/games.tactic.net\/no\/wp-json\/wp\/v2\/product_tag?post=593620"},{"taxonomy":"brand","embeddable":true,"href":"https:\/\/games.tactic.net\/no\/wp-json\/wp\/v2\/brand?post=593620"},{"taxonomy":"target-group","embeddable":true,"href":"https:\/\/games.tactic.net\/no\/wp-json\/wp\/v2\/target-group?post=593620"},{"taxonomy":"discontinued","embeddable":true,"href":"https:\/\/games.tactic.net\/no\/wp-json\/wp\/v2\/discontinued?post=593620"}],"curies":[{"name":"wp","href":"https:\/\/api.w.org\/{rel}","templated":true}]}}