{"id":593186,"date":"2022-06-07T11:25:54","date_gmt":"2022-06-07T08:25:54","guid":{"rendered":"http:\/\/games.tactic.net\/tuote\/bestiser-bastian-bamse-21-cm\/"},"modified":"2023-01-19T12:32:43","modified_gmt":"2023-01-19T10:32:43","slug":"bestiser-bastian-bamse-21-cm","status":"publish","type":"product","link":"https:\/\/games.tactic.net\/no\/tuote\/bestiser-bastian-bamse-21-cm\/","title":{"rendered":"Bestiser Bastian bamse 21 cm"},"content":{"rendered":"<p>Bestiser kommer i skj\u00f8nne farger, har den mykeste kashmirlignende pelsen og en fin sl\u00f8yfe. En perfekt gave! \u00a0Produktet er testet og godkjent fra nyf\u00f8dt. Kan vaskes p\u00e5 40 grader i maskin. Det har barnesikre \u00f8yne, er flammesikkert, &#8211; det er ikke tilsatt flammehemmende midler og har testede s\u00f8mmer.<\/p>\n","protected":false},"excerpt":{"rendered":"<p>Bestiser kommer i skj\u00f8nne farger, har den mykeste kashmirlignende pelsen og en fin sl\u00f8yfe. En perfekt gave! \u00a0Produktet er testet og godkjent fra nyf\u00f8dt. Kan vaskes p\u00e5 40 grader i maskin. Det har barnesikre \u00f8yne, er flammesikkert, &#8211; det er ikke tilsatt flammehemmende midler og har testede s\u00f8mmer.<\/p>\n","protected":false},"featured_media":0,"template":"","meta":{"content-type":"","_monsterinsights_skip_tracking":false,"_monsterinsights_sitenote_active":false,"_monsterinsights_sitenote_note":"","_monsterinsights_sitenote_category":0},"product_brand":[],"product_cat":[2048],"product_tag":[],"brand":[],"target-group":[],"discontinued":[],"class_list":{"0":"post-593186","1":"product","2":"type-product","3":"status-publish","5":"product_cat-teddykompaniet","7":"first","8":"instock","9":"taxable","10":"shipping-taxable","11":"product-type-simple"},"aioseo_notices":[],"_links":{"self":[{"href":"https:\/\/games.tactic.net\/no\/wp-json\/wp\/v2\/product\/593186","targetHints":{"allow":["GET"]}}],"collection":[{"href":"https:\/\/games.tactic.net\/no\/wp-json\/wp\/v2\/product"}],"about":[{"href":"https:\/\/games.tactic.net\/no\/wp-json\/wp\/v2\/types\/product"}],"wp:attachment":[{"href":"https:\/\/games.tactic.net\/no\/wp-json\/wp\/v2\/media?parent=593186"}],"wp:term":[{"taxonomy":"product_brand","embeddable":true,"href":"https:\/\/games.tactic.net\/no\/wp-json\/wp\/v2\/product_brand?post=593186"},{"taxonomy":"product_cat","embeddable":true,"href":"https:\/\/games.tactic.net\/no\/wp-json\/wp\/v2\/product_cat?post=593186"},{"taxonomy":"product_tag","embeddable":true,"href":"https:\/\/games.tactic.net\/no\/wp-json\/wp\/v2\/product_tag?post=593186"},{"taxonomy":"brand","embeddable":true,"href":"https:\/\/games.tactic.net\/no\/wp-json\/wp\/v2\/brand?post=593186"},{"taxonomy":"target-group","embeddable":true,"href":"https:\/\/games.tactic.net\/no\/wp-json\/wp\/v2\/target-group?post=593186"},{"taxonomy":"discontinued","embeddable":true,"href":"https:\/\/games.tactic.net\/no\/wp-json\/wp\/v2\/discontinued?post=593186"}],"curies":[{"name":"wp","href":"https:\/\/api.w.org\/{rel}","templated":true}]}}