{"id":593006,"date":"2022-06-07T11:24:55","date_gmt":"2022-06-07T08:24:55","guid":{"rendered":"http:\/\/games.tactic.net\/tuote\/brannbil\/"},"modified":"2023-06-19T10:14:45","modified_gmt":"2023-06-19T07:14:45","slug":"brannbil","status":"archive","type":"product","link":"https:\/\/games.tactic.net\/no\/tuote\/brannbil\/","title":{"rendered":"BRANNBIL"},"content":{"rendered":"<p>20&#215;10 cm.Testet og godkjent fra nyf\u00f8dt. Kan vaskes p\u00e5 40 grader i maskin. Produktet er flammesikkert. Det er ikke tilsatt flammehemmende midler og s\u00f8mmene er testet. Stigen sitter fast med borrel\u00e5s, kan tas av og p\u00e5, og gj\u00f8r leken enda litt morsommere. Fyll av resirkulerte PET-flasker.<\/p>\n","protected":false},"excerpt":{"rendered":"<p>20&#215;10 cm.Testet og godkjent fra nyf\u00f8dt. Kan vaskes p\u00e5 40 grader i maskin. Produktet er flammesikkert. Det er ikke tilsatt flammehemmende midler og s\u00f8mmene er testet. Stigen sitter fast med borrel\u00e5s, kan tas av og p\u00e5, og gj\u00f8r leken enda litt morsommere. Fyll av resirkulerte PET-flasker.<\/p>\n","protected":false},"featured_media":0,"template":"","meta":{"content-type":"","_monsterinsights_skip_tracking":false,"_monsterinsights_sitenote_active":false,"_monsterinsights_sitenote_note":"","_monsterinsights_sitenote_category":0},"product_brand":[],"product_cat":[2048],"product_tag":[],"brand":[],"target-group":[],"discontinued":[],"class_list":{"0":"post-593006","1":"product","2":"type-product","3":"status-archive","5":"product_cat-teddykompaniet","7":"first","8":"outofstock","9":"taxable","10":"shipping-taxable","11":"product-type-simple"},"aioseo_notices":[],"_links":{"self":[{"href":"https:\/\/games.tactic.net\/no\/wp-json\/wp\/v2\/product\/593006","targetHints":{"allow":["GET"]}}],"collection":[{"href":"https:\/\/games.tactic.net\/no\/wp-json\/wp\/v2\/product"}],"about":[{"href":"https:\/\/games.tactic.net\/no\/wp-json\/wp\/v2\/types\/product"}],"wp:attachment":[{"href":"https:\/\/games.tactic.net\/no\/wp-json\/wp\/v2\/media?parent=593006"}],"wp:term":[{"taxonomy":"product_brand","embeddable":true,"href":"https:\/\/games.tactic.net\/no\/wp-json\/wp\/v2\/product_brand?post=593006"},{"taxonomy":"product_cat","embeddable":true,"href":"https:\/\/games.tactic.net\/no\/wp-json\/wp\/v2\/product_cat?post=593006"},{"taxonomy":"product_tag","embeddable":true,"href":"https:\/\/games.tactic.net\/no\/wp-json\/wp\/v2\/product_tag?post=593006"},{"taxonomy":"brand","embeddable":true,"href":"https:\/\/games.tactic.net\/no\/wp-json\/wp\/v2\/brand?post=593006"},{"taxonomy":"target-group","embeddable":true,"href":"https:\/\/games.tactic.net\/no\/wp-json\/wp\/v2\/target-group?post=593006"},{"taxonomy":"discontinued","embeddable":true,"href":"https:\/\/games.tactic.net\/no\/wp-json\/wp\/v2\/discontinued?post=593006"}],"curies":[{"name":"wp","href":"https:\/\/api.w.org\/{rel}","templated":true}]}}