{"id":592769,"date":"2022-06-07T11:23:46","date_gmt":"2022-06-07T08:23:46","guid":{"rendered":"http:\/\/games.tactic.net\/tuote\/selvlysende-ugle-gronn\/"},"modified":"2023-06-26T14:26:34","modified_gmt":"2023-06-26T11:26:34","slug":"selvlysende-ugle-gronn","status":"publish","type":"product","link":"https:\/\/games.tactic.net\/no\/tuote\/selvlysende-ugle-gronn\/","title":{"rendered":"Selvlysende ugle 25 cm gr\u00f8nn"},"content":{"rendered":"<p>Et selvlysende kosedyr som lades opp i dagslys. Ingen batterier. Kosedyret passer fint som pynt p\u00e5 barnerommet, og kan i tillegg v\u00e6re til hjelp n\u00e5r barnet skal sove. Testet og godkjent fra nyf\u00f8dt. Kan vaskes p\u00e5 40 grader i maskin.<\/p>\n","protected":false},"excerpt":{"rendered":"<p>Et selvlysende kosedyr som lades opp i dagslys. Ingen batterier. Kosedyret passer fint som pynt p\u00e5 barnerommet, og kan i tillegg v\u00e6re til hjelp n\u00e5r barnet skal sove. Testet og godkjent fra nyf\u00f8dt. Kan vaskes p\u00e5 40 grader i maskin.<\/p>\n","protected":false},"featured_media":0,"template":"","meta":{"content-type":"","_monsterinsights_skip_tracking":false,"_monsterinsights_sitenote_active":false,"_monsterinsights_sitenote_note":"","_monsterinsights_sitenote_category":0},"product_brand":[],"product_cat":[2048],"product_tag":[],"brand":[],"target-group":[],"discontinued":[],"class_list":{"0":"post-592769","1":"product","2":"type-product","3":"status-publish","5":"product_cat-teddykompaniet","7":"first","8":"instock","9":"taxable","10":"shipping-taxable","11":"product-type-simple"},"aioseo_notices":[],"_links":{"self":[{"href":"https:\/\/games.tactic.net\/no\/wp-json\/wp\/v2\/product\/592769","targetHints":{"allow":["GET"]}}],"collection":[{"href":"https:\/\/games.tactic.net\/no\/wp-json\/wp\/v2\/product"}],"about":[{"href":"https:\/\/games.tactic.net\/no\/wp-json\/wp\/v2\/types\/product"}],"wp:attachment":[{"href":"https:\/\/games.tactic.net\/no\/wp-json\/wp\/v2\/media?parent=592769"}],"wp:term":[{"taxonomy":"product_brand","embeddable":true,"href":"https:\/\/games.tactic.net\/no\/wp-json\/wp\/v2\/product_brand?post=592769"},{"taxonomy":"product_cat","embeddable":true,"href":"https:\/\/games.tactic.net\/no\/wp-json\/wp\/v2\/product_cat?post=592769"},{"taxonomy":"product_tag","embeddable":true,"href":"https:\/\/games.tactic.net\/no\/wp-json\/wp\/v2\/product_tag?post=592769"},{"taxonomy":"brand","embeddable":true,"href":"https:\/\/games.tactic.net\/no\/wp-json\/wp\/v2\/brand?post=592769"},{"taxonomy":"target-group","embeddable":true,"href":"https:\/\/games.tactic.net\/no\/wp-json\/wp\/v2\/target-group?post=592769"},{"taxonomy":"discontinued","embeddable":true,"href":"https:\/\/games.tactic.net\/no\/wp-json\/wp\/v2\/discontinued?post=592769"}],"curies":[{"name":"wp","href":"https:\/\/api.w.org\/{rel}","templated":true}]}}