{"id":592754,"date":"2022-06-07T11:23:41","date_gmt":"2022-06-07T08:23:41","guid":{"rendered":"http:\/\/games.tactic.net\/tuote\/gyngeleopard\/"},"modified":"2023-06-26T15:24:44","modified_gmt":"2023-06-26T12:24:44","slug":"gyngeleopard","status":"publish","type":"product","link":"https:\/\/games.tactic.net\/no\/tuote\/gyngeleopard\/","title":{"rendered":"Gyngeleopard"},"content":{"rendered":"<p>Denne flotte gyngeleoparden passer like godt som pynt p\u00e5 barnerommet, som en f\u00f8lgesvenn i leken. Smarte h\u00e5ndtak p\u00e5 hver side gj\u00f8r det enkelt for barnet \u00e5 holde seg fast. Maksvekt 50 kg. Anbefalt fra 2 \u00e5r.<\/p>\n","protected":false},"excerpt":{"rendered":"<p>Denne flotte gyngeleoparden passer like godt som pynt p\u00e5 barnerommet, som en f\u00f8lgesvenn i leken. Smarte h\u00e5ndtak p\u00e5 hver side gj\u00f8r det enkelt for barnet \u00e5 holde seg fast. Maksvekt 50 kg. Anbefalt fra 2 \u00e5r.<\/p>\n","protected":false},"featured_media":0,"template":"","meta":{"content-type":"","_monsterinsights_skip_tracking":false,"_monsterinsights_sitenote_active":false,"_monsterinsights_sitenote_note":"","_monsterinsights_sitenote_category":0},"product_brand":[],"product_cat":[2048],"product_tag":[],"brand":[],"target-group":[],"discontinued":[],"class_list":{"0":"post-592754","1":"product","2":"type-product","3":"status-publish","5":"product_cat-teddykompaniet","7":"first","8":"instock","9":"taxable","10":"shipping-taxable","11":"product-type-simple"},"aioseo_notices":[],"_links":{"self":[{"href":"https:\/\/games.tactic.net\/no\/wp-json\/wp\/v2\/product\/592754","targetHints":{"allow":["GET"]}}],"collection":[{"href":"https:\/\/games.tactic.net\/no\/wp-json\/wp\/v2\/product"}],"about":[{"href":"https:\/\/games.tactic.net\/no\/wp-json\/wp\/v2\/types\/product"}],"wp:attachment":[{"href":"https:\/\/games.tactic.net\/no\/wp-json\/wp\/v2\/media?parent=592754"}],"wp:term":[{"taxonomy":"product_brand","embeddable":true,"href":"https:\/\/games.tactic.net\/no\/wp-json\/wp\/v2\/product_brand?post=592754"},{"taxonomy":"product_cat","embeddable":true,"href":"https:\/\/games.tactic.net\/no\/wp-json\/wp\/v2\/product_cat?post=592754"},{"taxonomy":"product_tag","embeddable":true,"href":"https:\/\/games.tactic.net\/no\/wp-json\/wp\/v2\/product_tag?post=592754"},{"taxonomy":"brand","embeddable":true,"href":"https:\/\/games.tactic.net\/no\/wp-json\/wp\/v2\/brand?post=592754"},{"taxonomy":"target-group","embeddable":true,"href":"https:\/\/games.tactic.net\/no\/wp-json\/wp\/v2\/target-group?post=592754"},{"taxonomy":"discontinued","embeddable":true,"href":"https:\/\/games.tactic.net\/no\/wp-json\/wp\/v2\/discontinued?post=592754"}],"curies":[{"name":"wp","href":"https:\/\/api.w.org\/{rel}","templated":true}]}}