{"id":591996,"date":"2022-06-07T10:56:46","date_gmt":"2022-06-07T07:56:46","guid":{"rendered":"http:\/\/games.tactic.net\/tuote\/kjepphest-med-hjul-og-lyd-enhjorning\/"},"modified":"2025-01-20T15:54:45","modified_gmt":"2025-01-20T13:54:45","slug":"kjepphest-med-hjul-og-lyd-enhjorning","status":"archive","type":"product","link":"https:\/\/games.tactic.net\/no\/tuote\/kjepphest-med-hjul-og-lyd-enhjorning\/","title":{"rendered":"Kjepphest m. hjul enhj\u00f8rning 100 cm"},"content":{"rendered":"<p>Kjepphesten har treh\u00e5ndtak p\u00e5 sidene og hjul lengst nede p\u00e5 kjeppen, noe som gir barnet god kontroll under leken.<\/p>\n","protected":false},"excerpt":{"rendered":"<p><\/p>\n","protected":false},"featured_media":0,"template":"","meta":{"content-type":"","_monsterinsights_skip_tracking":false,"_monsterinsights_sitenote_active":false,"_monsterinsights_sitenote_note":"","_monsterinsights_sitenote_category":0},"product_brand":[],"product_cat":[2048],"product_tag":[],"brand":[],"target-group":[],"discontinued":[],"class_list":{"0":"post-591996","1":"product","2":"type-product","3":"status-archive","5":"product_cat-teddykompaniet","7":"first","8":"outofstock","9":"taxable","10":"shipping-taxable","11":"product-type-simple"},"aioseo_notices":[],"_links":{"self":[{"href":"https:\/\/games.tactic.net\/no\/wp-json\/wp\/v2\/product\/591996","targetHints":{"allow":["GET"]}}],"collection":[{"href":"https:\/\/games.tactic.net\/no\/wp-json\/wp\/v2\/product"}],"about":[{"href":"https:\/\/games.tactic.net\/no\/wp-json\/wp\/v2\/types\/product"}],"wp:attachment":[{"href":"https:\/\/games.tactic.net\/no\/wp-json\/wp\/v2\/media?parent=591996"}],"wp:term":[{"taxonomy":"product_brand","embeddable":true,"href":"https:\/\/games.tactic.net\/no\/wp-json\/wp\/v2\/product_brand?post=591996"},{"taxonomy":"product_cat","embeddable":true,"href":"https:\/\/games.tactic.net\/no\/wp-json\/wp\/v2\/product_cat?post=591996"},{"taxonomy":"product_tag","embeddable":true,"href":"https:\/\/games.tactic.net\/no\/wp-json\/wp\/v2\/product_tag?post=591996"},{"taxonomy":"brand","embeddable":true,"href":"https:\/\/games.tactic.net\/no\/wp-json\/wp\/v2\/brand?post=591996"},{"taxonomy":"target-group","embeddable":true,"href":"https:\/\/games.tactic.net\/no\/wp-json\/wp\/v2\/target-group?post=591996"},{"taxonomy":"discontinued","embeddable":true,"href":"https:\/\/games.tactic.net\/no\/wp-json\/wp\/v2\/discontinued?post=591996"}],"curies":[{"name":"wp","href":"https:\/\/api.w.org\/{rel}","templated":true}]}}