{"id":591328,"date":"2022-06-07T10:41:35","date_gmt":"2022-06-07T07:41:35","guid":{"rendered":"http:\/\/games.tactic.net\/tuote\/valle-gra-liten\/"},"modified":"2023-06-26T13:52:14","modified_gmt":"2023-06-26T10:52:14","slug":"valle-gra-liten","status":"publish","type":"product","link":"https:\/\/games.tactic.net\/no\/tuote\/valle-gra-liten\/","title":{"rendered":"Valle bamse 45 cm gr\u00e5"},"content":{"rendered":"<p>Testet og godkjent fra nyf\u00f8dt. Kan vaskes p\u00e5 40 grader i maskin. Produktet har broderte \u00f8yne, er flammesikkert, &#8211; det er ikke tilsatt flammehemmende midler og har testede s\u00f8mmer.<\/p>\n","protected":false},"excerpt":{"rendered":"<p>45cm<\/p>\n","protected":false},"featured_media":0,"template":"","meta":{"content-type":"","_monsterinsights_skip_tracking":false,"_monsterinsights_sitenote_active":false,"_monsterinsights_sitenote_note":"","_monsterinsights_sitenote_category":0},"product_brand":[],"product_cat":[2048],"product_tag":[],"brand":[],"target-group":[],"discontinued":[],"class_list":{"0":"post-591328","1":"product","2":"type-product","3":"status-publish","5":"product_cat-teddykompaniet","7":"first","8":"instock","9":"taxable","10":"shipping-taxable","11":"product-type-simple"},"aioseo_notices":[],"_links":{"self":[{"href":"https:\/\/games.tactic.net\/no\/wp-json\/wp\/v2\/product\/591328","targetHints":{"allow":["GET"]}}],"collection":[{"href":"https:\/\/games.tactic.net\/no\/wp-json\/wp\/v2\/product"}],"about":[{"href":"https:\/\/games.tactic.net\/no\/wp-json\/wp\/v2\/types\/product"}],"wp:attachment":[{"href":"https:\/\/games.tactic.net\/no\/wp-json\/wp\/v2\/media?parent=591328"}],"wp:term":[{"taxonomy":"product_brand","embeddable":true,"href":"https:\/\/games.tactic.net\/no\/wp-json\/wp\/v2\/product_brand?post=591328"},{"taxonomy":"product_cat","embeddable":true,"href":"https:\/\/games.tactic.net\/no\/wp-json\/wp\/v2\/product_cat?post=591328"},{"taxonomy":"product_tag","embeddable":true,"href":"https:\/\/games.tactic.net\/no\/wp-json\/wp\/v2\/product_tag?post=591328"},{"taxonomy":"brand","embeddable":true,"href":"https:\/\/games.tactic.net\/no\/wp-json\/wp\/v2\/brand?post=591328"},{"taxonomy":"target-group","embeddable":true,"href":"https:\/\/games.tactic.net\/no\/wp-json\/wp\/v2\/target-group?post=591328"},{"taxonomy":"discontinued","embeddable":true,"href":"https:\/\/games.tactic.net\/no\/wp-json\/wp\/v2\/discontinued?post=591328"}],"curies":[{"name":"wp","href":"https:\/\/api.w.org\/{rel}","templated":true}]}}