{"id":591298,"date":"2022-06-07T10:41:19","date_gmt":"2022-06-07T07:41:19","guid":{"rendered":"http:\/\/games.tactic.net\/tuote\/glimra-gyngehest\/"},"modified":"2023-06-26T15:21:13","modified_gmt":"2023-06-26T12:21:13","slug":"glimra-gyngehest","status":"publish","type":"product","link":"https:\/\/games.tactic.net\/no\/tuote\/glimra-gyngehest\/","title":{"rendered":"Glimra gyngehest m.lyd"},"content":{"rendered":"<p>Dra p\u00e5 nye eventyr med Glimra gyngehest. Trykk den p\u00e5 \u00f8rene, og den gir fra seg b\u00e5de vrinsk- og galopplyder. Smarte h\u00e5ndtak p\u00e5 hver side gj\u00f8r det enkelt for barnet \u00e5 holde seg fast. Meiene er vippesikre. Den krever 2xAA-batterier, disse medf\u00f8lger ikke. Maksvekt 50 kg. Anbefalt fra 3 \u00e5r.<\/p>\n","protected":false},"excerpt":{"rendered":"<p>75x70cm<\/p>\n","protected":false},"featured_media":0,"template":"","meta":{"content-type":"","_monsterinsights_skip_tracking":false,"_monsterinsights_sitenote_active":false,"_monsterinsights_sitenote_note":"","_monsterinsights_sitenote_category":0},"product_brand":[],"product_cat":[2048],"product_tag":[],"brand":[],"target-group":[],"discontinued":[],"class_list":{"0":"post-591298","1":"product","2":"type-product","3":"status-publish","5":"product_cat-teddykompaniet","7":"first","8":"instock","9":"taxable","10":"shipping-taxable","11":"product-type-simple"},"aioseo_notices":[],"_links":{"self":[{"href":"https:\/\/games.tactic.net\/no\/wp-json\/wp\/v2\/product\/591298","targetHints":{"allow":["GET"]}}],"collection":[{"href":"https:\/\/games.tactic.net\/no\/wp-json\/wp\/v2\/product"}],"about":[{"href":"https:\/\/games.tactic.net\/no\/wp-json\/wp\/v2\/types\/product"}],"wp:attachment":[{"href":"https:\/\/games.tactic.net\/no\/wp-json\/wp\/v2\/media?parent=591298"}],"wp:term":[{"taxonomy":"product_brand","embeddable":true,"href":"https:\/\/games.tactic.net\/no\/wp-json\/wp\/v2\/product_brand?post=591298"},{"taxonomy":"product_cat","embeddable":true,"href":"https:\/\/games.tactic.net\/no\/wp-json\/wp\/v2\/product_cat?post=591298"},{"taxonomy":"product_tag","embeddable":true,"href":"https:\/\/games.tactic.net\/no\/wp-json\/wp\/v2\/product_tag?post=591298"},{"taxonomy":"brand","embeddable":true,"href":"https:\/\/games.tactic.net\/no\/wp-json\/wp\/v2\/brand?post=591298"},{"taxonomy":"target-group","embeddable":true,"href":"https:\/\/games.tactic.net\/no\/wp-json\/wp\/v2\/target-group?post=591298"},{"taxonomy":"discontinued","embeddable":true,"href":"https:\/\/games.tactic.net\/no\/wp-json\/wp\/v2\/discontinued?post=591298"}],"curies":[{"name":"wp","href":"https:\/\/api.w.org\/{rel}","templated":true}]}}