{"id":591028,"date":"2022-06-07T10:39:33","date_gmt":"2022-06-07T07:39:33","guid":{"rendered":"http:\/\/games.tactic.net\/tuote\/teddy-cream-kanin-liten-hvit\/"},"modified":"2024-07-31T09:09:16","modified_gmt":"2024-07-31T06:09:16","slug":"teddy-cream-kanin-liten-hvit","status":"archive","type":"product","link":"https:\/\/games.tactic.net\/no\/tuote\/teddy-cream-kanin-liten-hvit\/","title":{"rendered":"Teddy Cream kanin 33 cm hvit"},"content":{"rendered":"<p>Testet og godkjent fra nyf\u00f8dt. Kan vaskes p\u00e5 40 grader i maskin. Produktet har broderte \u00f8yne og snute, er flammesikkert. Det er ikke tilsatt flammehemmende midler og s\u00f8mmene er testet.<\/p>\n","protected":false},"excerpt":{"rendered":"<p>33cm<\/p>\n","protected":false},"featured_media":591017,"template":"","meta":{"content-type":"","_monsterinsights_skip_tracking":false,"_monsterinsights_sitenote_active":false,"_monsterinsights_sitenote_note":"","_monsterinsights_sitenote_category":0},"product_brand":[],"product_cat":[2048],"product_tag":[],"brand":[],"target-group":[],"discontinued":[],"class_list":{"0":"post-591028","1":"product","2":"type-product","3":"status-archive","4":"has-post-thumbnail","6":"product_cat-teddykompaniet","8":"first","9":"outofstock","10":"taxable","11":"shipping-taxable","12":"product-type-simple"},"aioseo_notices":[],"_links":{"self":[{"href":"https:\/\/games.tactic.net\/no\/wp-json\/wp\/v2\/product\/591028","targetHints":{"allow":["GET"]}}],"collection":[{"href":"https:\/\/games.tactic.net\/no\/wp-json\/wp\/v2\/product"}],"about":[{"href":"https:\/\/games.tactic.net\/no\/wp-json\/wp\/v2\/types\/product"}],"wp:featuredmedia":[{"embeddable":true,"href":"https:\/\/games.tactic.net\/no\/wp-json\/wp\/v2\/media\/591017"}],"wp:attachment":[{"href":"https:\/\/games.tactic.net\/no\/wp-json\/wp\/v2\/media?parent=591028"}],"wp:term":[{"taxonomy":"product_brand","embeddable":true,"href":"https:\/\/games.tactic.net\/no\/wp-json\/wp\/v2\/product_brand?post=591028"},{"taxonomy":"product_cat","embeddable":true,"href":"https:\/\/games.tactic.net\/no\/wp-json\/wp\/v2\/product_cat?post=591028"},{"taxonomy":"product_tag","embeddable":true,"href":"https:\/\/games.tactic.net\/no\/wp-json\/wp\/v2\/product_tag?post=591028"},{"taxonomy":"brand","embeddable":true,"href":"https:\/\/games.tactic.net\/no\/wp-json\/wp\/v2\/brand?post=591028"},{"taxonomy":"target-group","embeddable":true,"href":"https:\/\/games.tactic.net\/no\/wp-json\/wp\/v2\/target-group?post=591028"},{"taxonomy":"discontinued","embeddable":true,"href":"https:\/\/games.tactic.net\/no\/wp-json\/wp\/v2\/discontinued?post=591028"}],"curies":[{"name":"wp","href":"https:\/\/api.w.org\/{rel}","templated":true}]}}