{"id":590878,"date":"2022-06-07T10:38:30","date_gmt":"2022-06-07T07:38:30","guid":{"rendered":"http:\/\/games.tactic.net\/tuote\/elton-stor\/"},"modified":"2023-06-26T12:50:15","modified_gmt":"2023-06-26T09:50:15","slug":"elton-stor","status":"publish","type":"product","link":"https:\/\/games.tactic.net\/no\/tuote\/elton-stor\/","title":{"rendered":"Elton bamse 38 cm"},"content":{"rendered":"<p>Testet og godkjent fra nyf\u00f8dt. Kan vaskes p\u00e5 40 grader i maskin. Produktet har broderte \u00f8yne og snute, er flammesikkert. Det er ikke tilsatt flammehemmende midler og s\u00f8mmene er testet.<\/p>\n","protected":false},"excerpt":{"rendered":"<p>38cm<\/p>\n","protected":false},"featured_media":0,"template":"","meta":{"content-type":"","_monsterinsights_skip_tracking":false,"_monsterinsights_sitenote_active":false,"_monsterinsights_sitenote_note":"","_monsterinsights_sitenote_category":0},"product_brand":[],"product_cat":[2048,2053],"product_tag":[],"brand":[],"target-group":[],"discontinued":[],"class_list":{"0":"post-590878","1":"product","2":"type-product","3":"status-publish","5":"product_cat-teddykompaniet","6":"product_cat-teddykompaniet-baby-leker","8":"first","9":"outofstock","10":"taxable","11":"shipping-taxable","12":"product-type-simple"},"aioseo_notices":[],"_links":{"self":[{"href":"https:\/\/games.tactic.net\/no\/wp-json\/wp\/v2\/product\/590878","targetHints":{"allow":["GET"]}}],"collection":[{"href":"https:\/\/games.tactic.net\/no\/wp-json\/wp\/v2\/product"}],"about":[{"href":"https:\/\/games.tactic.net\/no\/wp-json\/wp\/v2\/types\/product"}],"wp:attachment":[{"href":"https:\/\/games.tactic.net\/no\/wp-json\/wp\/v2\/media?parent=590878"}],"wp:term":[{"taxonomy":"product_brand","embeddable":true,"href":"https:\/\/games.tactic.net\/no\/wp-json\/wp\/v2\/product_brand?post=590878"},{"taxonomy":"product_cat","embeddable":true,"href":"https:\/\/games.tactic.net\/no\/wp-json\/wp\/v2\/product_cat?post=590878"},{"taxonomy":"product_tag","embeddable":true,"href":"https:\/\/games.tactic.net\/no\/wp-json\/wp\/v2\/product_tag?post=590878"},{"taxonomy":"brand","embeddable":true,"href":"https:\/\/games.tactic.net\/no\/wp-json\/wp\/v2\/brand?post=590878"},{"taxonomy":"target-group","embeddable":true,"href":"https:\/\/games.tactic.net\/no\/wp-json\/wp\/v2\/target-group?post=590878"},{"taxonomy":"discontinued","embeddable":true,"href":"https:\/\/games.tactic.net\/no\/wp-json\/wp\/v2\/discontinued?post=590878"}],"curies":[{"name":"wp","href":"https:\/\/api.w.org\/{rel}","templated":true}]}}