{"id":587551,"date":"2022-06-01T14:53:32","date_gmt":"2022-06-01T11:53:32","guid":{"rendered":"http:\/\/games.tactic.net\/tuote\/lumo-stars-biler-malebok\/"},"modified":"2024-01-12T09:41:11","modified_gmt":"2024-01-12T07:41:11","slug":"lumo-stars-biler-malebok","status":"publish","type":"product","link":"https:\/\/games.tactic.net\/no\/tuote\/lumo-stars-biler-malebok\/","title":{"rendered":"Lumo Stars biler malebok"},"content":{"rendered":"<p>La oss ta en tur med energiske Speedy og de andre morsomme bilene! P\u00e5 en solfylt sommerdag er det fint \u00e5 la h\u00e5ret flagre i en kabriolet, og kommer det et regnskyll er det bare \u00e5 sette p\u00e5 taket. Cruise gjennom byen, eller kanskje du vil kj\u00f8re et utrykningskj\u00f8ret\u00f8y? Denne maleboken er full av action!<\/p>\n","protected":false},"excerpt":{"rendered":"<p>La oss ta en tur med energiske Speedy og de andre morsomme bilene! P\u00e5 en solfylt sommerdag er det fint \u00e5 la h\u00e5ret flagre i en kabriolet, og kommer det et regnskyll er det bare \u00e5 sette p\u00e5 taket. Cruise gjennom byen, eller kanskje du vil kj\u00f8re et utrykningskj\u00f8ret\u00f8y? Denne maleboken er full av action!<\/p>\n","protected":false},"featured_media":587540,"template":"","meta":{"content-type":"","_monsterinsights_skip_tracking":false,"_monsterinsights_sitenote_active":false,"_monsterinsights_sitenote_note":"","_monsterinsights_sitenote_category":0},"product_brand":[],"product_cat":[1747,2027],"product_tag":[],"brand":[{"id":1019,"name":"Lumo Stars","slug":"lumo-stars_no"}],"target-group":[],"discontinued":[],"class_list":{"0":"post-587551","1":"product","2":"type-product","3":"status-publish","4":"has-post-thumbnail","6":"product_cat-boker-lumo-stars-leker","7":"product_cat-maleboker","8":"brand-lumo-stars_no","10":"first","11":"instock","12":"taxable","13":"shipping-taxable","14":"product-type-simple"},"aioseo_notices":[],"_links":{"self":[{"href":"https:\/\/games.tactic.net\/no\/wp-json\/wp\/v2\/product\/587551","targetHints":{"allow":["GET"]}}],"collection":[{"href":"https:\/\/games.tactic.net\/no\/wp-json\/wp\/v2\/product"}],"about":[{"href":"https:\/\/games.tactic.net\/no\/wp-json\/wp\/v2\/types\/product"}],"wp:featuredmedia":[{"embeddable":true,"href":"https:\/\/games.tactic.net\/no\/wp-json\/wp\/v2\/media\/587540"}],"wp:attachment":[{"href":"https:\/\/games.tactic.net\/no\/wp-json\/wp\/v2\/media?parent=587551"}],"wp:term":[{"taxonomy":"product_brand","embeddable":true,"href":"https:\/\/games.tactic.net\/no\/wp-json\/wp\/v2\/product_brand?post=587551"},{"taxonomy":"product_cat","embeddable":true,"href":"https:\/\/games.tactic.net\/no\/wp-json\/wp\/v2\/product_cat?post=587551"},{"taxonomy":"product_tag","embeddable":true,"href":"https:\/\/games.tactic.net\/no\/wp-json\/wp\/v2\/product_tag?post=587551"},{"taxonomy":"brand","embeddable":true,"href":"https:\/\/games.tactic.net\/no\/wp-json\/wp\/v2\/brand?post=587551"},{"taxonomy":"target-group","embeddable":true,"href":"https:\/\/games.tactic.net\/no\/wp-json\/wp\/v2\/target-group?post=587551"},{"taxonomy":"discontinued","embeddable":true,"href":"https:\/\/games.tactic.net\/no\/wp-json\/wp\/v2\/discontinued?post=587551"}],"curies":[{"name":"wp","href":"https:\/\/api.w.org\/{rel}","templated":true}]}}