{"id":580855,"date":"2022-05-20T11:16:52","date_gmt":"2022-05-20T08:16:52","guid":{"rendered":"http:\/\/games.tactic.net\/tuote\/lyden-av-superbiler\/"},"modified":"2023-03-24T16:53:12","modified_gmt":"2023-03-24T14:53:12","slug":"lyden-av-superbiler","status":"archive","type":"product","link":"https:\/\/games.tactic.net\/no\/tuote\/lyden-av-superbiler\/","title":{"rendered":"Lyden av superbiler"},"content":{"rendered":"<p>Denne boken er for alle voksne og barn som f\u00f8ler pulsen \u00f8ke n\u00e5r man h\u00f8rer br\u00f8let fra en<br \/>\nsuperbil. For noen vil lyden av disse dr\u00f8mmemaskinene h\u00f8res ut som st\u00f8y og br\u00e5k, men for<br \/>\nentusiasten er hver lyd unik. De 12 bilene omtalt her har blitt valgt og arrangert etter<br \/>\nmotorst\u00f8rrelse \u2013 fra en 2-sylindret Morgan trehjuling til den majestetiske 16-sylindrede<br \/>\nBugatti Chiron. Len deg tilbake og nyt reisen!<\/p>\n","protected":false},"excerpt":{"rendered":"<p>Denne boken er for alle voksne og barn som f\u00f8ler pulsen \u00f8ke n\u00e5r man h\u00f8rer br\u00f8let fra en superbil. For noen vil lyden av disse dr\u00f8mmemaskinene h\u00f8res ut som st\u00f8y og br\u00e5k, men for entusiasten er hver lyd unik. De 12 bilene omtalt her har blitt valgt og arrangert etter motorst\u00f8rrelse \u2013 fra en 2-sylindret [&hellip;]<\/p>\n","protected":false},"featured_media":0,"template":"","meta":{"content-type":"","_monsterinsights_skip_tracking":false,"_monsterinsights_sitenote_active":false,"_monsterinsights_sitenote_note":"","_monsterinsights_sitenote_category":0},"product_brand":[],"product_cat":[1697],"product_tag":[],"brand":[],"target-group":[],"discontinued":[],"class_list":{"0":"post-580855","1":"product","2":"type-product","3":"status-archive","5":"product_cat-pekeboker","7":"first","8":"outofstock","9":"taxable","10":"shipping-taxable","11":"product-type-simple"},"aioseo_notices":[],"_links":{"self":[{"href":"https:\/\/games.tactic.net\/no\/wp-json\/wp\/v2\/product\/580855","targetHints":{"allow":["GET"]}}],"collection":[{"href":"https:\/\/games.tactic.net\/no\/wp-json\/wp\/v2\/product"}],"about":[{"href":"https:\/\/games.tactic.net\/no\/wp-json\/wp\/v2\/types\/product"}],"wp:attachment":[{"href":"https:\/\/games.tactic.net\/no\/wp-json\/wp\/v2\/media?parent=580855"}],"wp:term":[{"taxonomy":"product_brand","embeddable":true,"href":"https:\/\/games.tactic.net\/no\/wp-json\/wp\/v2\/product_brand?post=580855"},{"taxonomy":"product_cat","embeddable":true,"href":"https:\/\/games.tactic.net\/no\/wp-json\/wp\/v2\/product_cat?post=580855"},{"taxonomy":"product_tag","embeddable":true,"href":"https:\/\/games.tactic.net\/no\/wp-json\/wp\/v2\/product_tag?post=580855"},{"taxonomy":"brand","embeddable":true,"href":"https:\/\/games.tactic.net\/no\/wp-json\/wp\/v2\/brand?post=580855"},{"taxonomy":"target-group","embeddable":true,"href":"https:\/\/games.tactic.net\/no\/wp-json\/wp\/v2\/target-group?post=580855"},{"taxonomy":"discontinued","embeddable":true,"href":"https:\/\/games.tactic.net\/no\/wp-json\/wp\/v2\/discontinued?post=580855"}],"curies":[{"name":"wp","href":"https:\/\/api.w.org\/{rel}","templated":true}]}}