{"id":576866,"date":"2022-05-20T07:56:59","date_gmt":"2022-05-20T04:56:59","guid":{"rendered":"http:\/\/games.tactic.net\/tuote\/vi-laerer-oss-bokstavene\/"},"modified":"2024-01-23T11:16:56","modified_gmt":"2024-01-23T09:16:56","slug":"vi-laerer-oss-bokstavene","status":"publish","type":"product","link":"https:\/\/games.tactic.net\/no\/tuote\/vi-laerer-oss-bokstavene\/","title":{"rendered":"Vi l\u00e6rer oss Bokstavene"},"content":{"rendered":"<p>Massevis av morsomme aktiviteter for barn som begynner \u00e5 bli interessert i bokstavenes fascinerende verden ! I de ulike oppgavene blir bokstaver og ord presentert for barna, og de l\u00e6rer \u00e5 konsentrere seg og bruke blyanten &#8211; noe som danner grunnlaget for evnen till \u00e5 skriver. Vi l\u00e6rer oss alfabetet og lyden av bokstavene of l\u00f8ser mange morsomme bokstavoppgaver ! Med nyttige tips till foreldrene !<\/p>\n","protected":false},"excerpt":{"rendered":"<p>Massevis av morsomme aktiviteter for barn som begynner \u00e5 bli interessert i bokstavenes fascinerende verden ! I de ulike oppgavene blir bokstaver og ord presentert for barna, og de l\u00e6rer \u00e5 konsentrere seg og bruke blyanten &#8211; noe som danner grunnlaget for evnen till \u00e5 skriver. Vi l\u00e6rer oss alfabetet og lyden av bokstavene of [&hellip;]<\/p>\n","protected":false},"featured_media":0,"template":"","meta":{"content-type":"","_monsterinsights_skip_tracking":false,"_monsterinsights_sitenote_active":false,"_monsterinsights_sitenote_note":"","_monsterinsights_sitenote_category":0},"product_brand":[],"product_cat":[2026],"product_tag":[388],"brand":[{"id":861,"name":"Let's Learn","slug":"letslearn-no"}],"target-group":[],"discontinued":[],"class_list":{"0":"post-576866","1":"product","2":"type-product","3":"status-publish","5":"product_cat-aktivitetsboker","6":"product_tag-pedagogisk","7":"brand-letslearn-no","9":"first","10":"instock","11":"taxable","12":"shipping-taxable","13":"product-type-simple"},"aioseo_notices":[],"_links":{"self":[{"href":"https:\/\/games.tactic.net\/no\/wp-json\/wp\/v2\/product\/576866","targetHints":{"allow":["GET"]}}],"collection":[{"href":"https:\/\/games.tactic.net\/no\/wp-json\/wp\/v2\/product"}],"about":[{"href":"https:\/\/games.tactic.net\/no\/wp-json\/wp\/v2\/types\/product"}],"wp:attachment":[{"href":"https:\/\/games.tactic.net\/no\/wp-json\/wp\/v2\/media?parent=576866"}],"wp:term":[{"taxonomy":"product_brand","embeddable":true,"href":"https:\/\/games.tactic.net\/no\/wp-json\/wp\/v2\/product_brand?post=576866"},{"taxonomy":"product_cat","embeddable":true,"href":"https:\/\/games.tactic.net\/no\/wp-json\/wp\/v2\/product_cat?post=576866"},{"taxonomy":"product_tag","embeddable":true,"href":"https:\/\/games.tactic.net\/no\/wp-json\/wp\/v2\/product_tag?post=576866"},{"taxonomy":"brand","embeddable":true,"href":"https:\/\/games.tactic.net\/no\/wp-json\/wp\/v2\/brand?post=576866"},{"taxonomy":"target-group","embeddable":true,"href":"https:\/\/games.tactic.net\/no\/wp-json\/wp\/v2\/target-group?post=576866"},{"taxonomy":"discontinued","embeddable":true,"href":"https:\/\/games.tactic.net\/no\/wp-json\/wp\/v2\/discontinued?post=576866"}],"curies":[{"name":"wp","href":"https:\/\/api.w.org\/{rel}","templated":true}]}}