{"id":576837,"date":"2022-05-20T07:52:23","date_gmt":"2022-05-20T04:52:23","guid":{"rendered":"http:\/\/games.tactic.net\/tuote\/vi-laerer-oss-tallene-2\/"},"modified":"2024-01-23T11:19:10","modified_gmt":"2024-01-23T09:19:10","slug":"vi-laerer-oss-tallene-2","status":"publish","type":"product","link":"https:\/\/games.tactic.net\/no\/tuote\/vi-laerer-oss-tallene-2\/","title":{"rendered":"Vi l\u00e6rer oss Tallene"},"content":{"rendered":"<p>En aktivitetsbok som l\u00e6rer deg om tallene og telling ! Med disse ulike oppgavene kan du tre inn i tallenes verden. Vi teller ting, kjenner igjen og tegner tallene, og gj\u00f8r ogs\u00e5 som utregninger. De illustrerte oppgavene l\u00f8ses med tall. Morsomme oppdagelser ! Med nyttige tips til foreldrene !<\/p>\n","protected":false},"excerpt":{"rendered":"<p>En aktivitetsbok som l\u00e6rer deg om tallene og telling ! Med disse ulike oppgavene kan du tre inn i tallenes verden. Vi teller ting, kjenner igjen og tegner tallene, og gj\u00f8r ogs\u00e5 som utregninger. De illustrerte oppgavene l\u00f8ses med tall. Morsomme oppdagelser ! Med nyttige tips til foreldrene !<\/p>\n","protected":false},"featured_media":0,"template":"","meta":{"content-type":"","_monsterinsights_skip_tracking":false,"_monsterinsights_sitenote_active":false,"_monsterinsights_sitenote_note":"","_monsterinsights_sitenote_category":0},"product_brand":[],"product_cat":[2026],"product_tag":[1255],"brand":[{"id":861,"name":"Let's Learn","slug":"letslearn-no"}],"target-group":[],"discontinued":[],"class_list":{"0":"post-576837","1":"product","2":"type-product","3":"status-publish","5":"product_cat-aktivitetsboker","6":"product_tag-pedagogisk-no","7":"brand-letslearn-no","9":"first","10":"instock","11":"taxable","12":"shipping-taxable","13":"product-type-simple"},"aioseo_notices":[],"_links":{"self":[{"href":"https:\/\/games.tactic.net\/no\/wp-json\/wp\/v2\/product\/576837","targetHints":{"allow":["GET"]}}],"collection":[{"href":"https:\/\/games.tactic.net\/no\/wp-json\/wp\/v2\/product"}],"about":[{"href":"https:\/\/games.tactic.net\/no\/wp-json\/wp\/v2\/types\/product"}],"wp:attachment":[{"href":"https:\/\/games.tactic.net\/no\/wp-json\/wp\/v2\/media?parent=576837"}],"wp:term":[{"taxonomy":"product_brand","embeddable":true,"href":"https:\/\/games.tactic.net\/no\/wp-json\/wp\/v2\/product_brand?post=576837"},{"taxonomy":"product_cat","embeddable":true,"href":"https:\/\/games.tactic.net\/no\/wp-json\/wp\/v2\/product_cat?post=576837"},{"taxonomy":"product_tag","embeddable":true,"href":"https:\/\/games.tactic.net\/no\/wp-json\/wp\/v2\/product_tag?post=576837"},{"taxonomy":"brand","embeddable":true,"href":"https:\/\/games.tactic.net\/no\/wp-json\/wp\/v2\/brand?post=576837"},{"taxonomy":"target-group","embeddable":true,"href":"https:\/\/games.tactic.net\/no\/wp-json\/wp\/v2\/target-group?post=576837"},{"taxonomy":"discontinued","embeddable":true,"href":"https:\/\/games.tactic.net\/no\/wp-json\/wp\/v2\/discontinued?post=576837"}],"curies":[{"name":"wp","href":"https:\/\/api.w.org\/{rel}","templated":true}]}}