{"id":576808,"date":"2022-05-20T07:48:38","date_gmt":"2022-05-20T04:48:38","guid":{"rendered":"http:\/\/games.tactic.net\/tuote\/vi-laerer-oss-former\/"},"modified":"2024-01-23T11:17:41","modified_gmt":"2024-01-23T09:17:41","slug":"vi-laerer-oss-former","status":"publish","type":"product","link":"https:\/\/games.tactic.net\/no\/tuote\/vi-laerer-oss-former\/","title":{"rendered":"Vi l\u00e6rer oss Former"},"content":{"rendered":"<p>Vi l\u00e6rer \u00e5 bruke blyanten ! Se varierte aktivitetene gir n\u00e6ring til barnas kreativitet og styrker finmotorikken. Tegn, fargelegg og kjenn igjen ulike former, finn veien, gj\u00f8r tegneoppgaver og mye mer. Aktivitetene krever ogs\u00e5 oppmerksomhet og konsentrasjon. Med nyttige tips til foreldrene !<\/p>\n","protected":false},"excerpt":{"rendered":"<p>Vi l\u00e6rer \u00e5 bruke blyanten ! Se varierte aktivitetene gir n\u00e6ring til barnas kreativitet og styrker finmotorikken. Tegn, fargelegg og kjenn igjen ulike former, finn veien, gj\u00f8r tegneoppgaver og mye mer. Aktivitetene krever ogs\u00e5 oppmerksomhet og konsentrasjon. Med nyttige tips til foreldrene !<\/p>\n","protected":false},"featured_media":0,"template":"","meta":{"content-type":"","_monsterinsights_skip_tracking":false,"_monsterinsights_sitenote_active":false,"_monsterinsights_sitenote_note":"","_monsterinsights_sitenote_category":0},"product_brand":[],"product_cat":[2026],"product_tag":[1255],"brand":[{"id":861,"name":"Let's Learn","slug":"letslearn-no"}],"target-group":[],"discontinued":[],"class_list":{"0":"post-576808","1":"product","2":"type-product","3":"status-publish","5":"product_cat-aktivitetsboker","6":"product_tag-pedagogisk-no","7":"brand-letslearn-no","9":"first","10":"instock","11":"taxable","12":"shipping-taxable","13":"product-type-simple"},"aioseo_notices":[],"_links":{"self":[{"href":"https:\/\/games.tactic.net\/no\/wp-json\/wp\/v2\/product\/576808","targetHints":{"allow":["GET"]}}],"collection":[{"href":"https:\/\/games.tactic.net\/no\/wp-json\/wp\/v2\/product"}],"about":[{"href":"https:\/\/games.tactic.net\/no\/wp-json\/wp\/v2\/types\/product"}],"wp:attachment":[{"href":"https:\/\/games.tactic.net\/no\/wp-json\/wp\/v2\/media?parent=576808"}],"wp:term":[{"taxonomy":"product_brand","embeddable":true,"href":"https:\/\/games.tactic.net\/no\/wp-json\/wp\/v2\/product_brand?post=576808"},{"taxonomy":"product_cat","embeddable":true,"href":"https:\/\/games.tactic.net\/no\/wp-json\/wp\/v2\/product_cat?post=576808"},{"taxonomy":"product_tag","embeddable":true,"href":"https:\/\/games.tactic.net\/no\/wp-json\/wp\/v2\/product_tag?post=576808"},{"taxonomy":"brand","embeddable":true,"href":"https:\/\/games.tactic.net\/no\/wp-json\/wp\/v2\/brand?post=576808"},{"taxonomy":"target-group","embeddable":true,"href":"https:\/\/games.tactic.net\/no\/wp-json\/wp\/v2\/target-group?post=576808"},{"taxonomy":"discontinued","embeddable":true,"href":"https:\/\/games.tactic.net\/no\/wp-json\/wp\/v2\/discontinued?post=576808"}],"curies":[{"name":"wp","href":"https:\/\/api.w.org\/{rel}","templated":true}]}}