{"id":573774,"date":"2022-05-19T14:35:11","date_gmt":"2022-05-19T11:35:11","guid":{"rendered":"http:\/\/games.tactic.net\/tuote\/biler-og-anleggsmaskiner-aktivitetsbok-med-klistremerker\/"},"modified":"2024-05-06T14:17:52","modified_gmt":"2024-05-06T11:17:52","slug":"biler-og-anleggsmaskiner-aktivitetsbok-med-klistremerker","status":"archive","type":"product","link":"https:\/\/games.tactic.net\/no\/tuote\/biler-og-anleggsmaskiner-aktivitetsbok-med-klistremerker\/","title":{"rendered":"Biler og anleggsmaskiner aktivitetsbok med klistremerker"},"content":{"rendered":"<p>F\u00e5 motoren i gang! Denne aktivitetsboken med klistremerker er full av biler og kj\u00f8ret\u00f8y. 32 sider med aktiviteter og to klistremerkeark.<\/p>\n","protected":false},"excerpt":{"rendered":"<p>F\u00e5 motoren i gang! Denne aktivitetsboken med klistremerker er full av biler og kj\u00f8ret\u00f8y. 32 sider med aktiviteter og to klistremerkeark.<\/p>\n","protected":false},"featured_media":0,"template":"","meta":{"content-type":"","_monsterinsights_skip_tracking":false,"_monsterinsights_sitenote_active":false,"_monsterinsights_sitenote_note":"","_monsterinsights_sitenote_category":0},"product_brand":[],"product_cat":[2025],"product_tag":[],"brand":[],"target-group":[],"discontinued":[],"class_list":{"0":"post-573774","1":"product","2":"type-product","3":"status-archive","5":"product_cat-male-og-aktivitetsboker-boker","7":"first","8":"outofstock","9":"taxable","10":"shipping-taxable","11":"product-type-simple"},"aioseo_notices":[],"_links":{"self":[{"href":"https:\/\/games.tactic.net\/no\/wp-json\/wp\/v2\/product\/573774","targetHints":{"allow":["GET"]}}],"collection":[{"href":"https:\/\/games.tactic.net\/no\/wp-json\/wp\/v2\/product"}],"about":[{"href":"https:\/\/games.tactic.net\/no\/wp-json\/wp\/v2\/types\/product"}],"wp:attachment":[{"href":"https:\/\/games.tactic.net\/no\/wp-json\/wp\/v2\/media?parent=573774"}],"wp:term":[{"taxonomy":"product_brand","embeddable":true,"href":"https:\/\/games.tactic.net\/no\/wp-json\/wp\/v2\/product_brand?post=573774"},{"taxonomy":"product_cat","embeddable":true,"href":"https:\/\/games.tactic.net\/no\/wp-json\/wp\/v2\/product_cat?post=573774"},{"taxonomy":"product_tag","embeddable":true,"href":"https:\/\/games.tactic.net\/no\/wp-json\/wp\/v2\/product_tag?post=573774"},{"taxonomy":"brand","embeddable":true,"href":"https:\/\/games.tactic.net\/no\/wp-json\/wp\/v2\/brand?post=573774"},{"taxonomy":"target-group","embeddable":true,"href":"https:\/\/games.tactic.net\/no\/wp-json\/wp\/v2\/target-group?post=573774"},{"taxonomy":"discontinued","embeddable":true,"href":"https:\/\/games.tactic.net\/no\/wp-json\/wp\/v2\/discontinued?post=573774"}],"curies":[{"name":"wp","href":"https:\/\/api.w.org\/{rel}","templated":true}]}}