{"id":572932,"date":"2022-05-19T13:56:07","date_gmt":"2022-05-19T10:56:07","guid":{"rendered":"http:\/\/games.tactic.net\/tuote\/sote-gardsdyr-malebok\/"},"modified":"2023-10-23T10:26:14","modified_gmt":"2023-10-23T07:26:14","slug":"sote-gardsdyr-malebok","status":"archive","type":"product","link":"https:\/\/games.tactic.net\/no\/tuote\/sote-gardsdyr-malebok\/","title":{"rendered":"S\u00f8te g\u00e5rdsdyr malebok"},"content":{"rendered":"<p>S\u00f8tere blir det ikke! 48 sider med g\u00e5rdsmoro \u2013 med alle favorittg\u00e5rdsdyrene dine. Finn frem fargeblyantene og la oss dra p\u00e5 landet!<\/p>\n","protected":false},"excerpt":{"rendered":"<p>S\u00f8tere blir det ikke! 48 sider med g\u00e5rdsmoro \u2013 med alle favorittg\u00e5rdsdyrene dine. Finn frem fargeblyantene og la oss dra p\u00e5 landet!<\/p>\n","protected":false},"featured_media":0,"template":"","meta":{"content-type":"","_monsterinsights_skip_tracking":false,"_monsterinsights_sitenote_active":false,"_monsterinsights_sitenote_note":"","_monsterinsights_sitenote_category":0},"product_brand":[],"product_cat":[2027],"product_tag":[],"brand":[],"target-group":[],"discontinued":[],"class_list":{"0":"post-572932","1":"product","2":"type-product","3":"status-archive","5":"product_cat-maleboker","7":"first","8":"instock","9":"taxable","10":"shipping-taxable","11":"product-type-simple"},"aioseo_notices":[],"_links":{"self":[{"href":"https:\/\/games.tactic.net\/no\/wp-json\/wp\/v2\/product\/572932","targetHints":{"allow":["GET"]}}],"collection":[{"href":"https:\/\/games.tactic.net\/no\/wp-json\/wp\/v2\/product"}],"about":[{"href":"https:\/\/games.tactic.net\/no\/wp-json\/wp\/v2\/types\/product"}],"wp:attachment":[{"href":"https:\/\/games.tactic.net\/no\/wp-json\/wp\/v2\/media?parent=572932"}],"wp:term":[{"taxonomy":"product_brand","embeddable":true,"href":"https:\/\/games.tactic.net\/no\/wp-json\/wp\/v2\/product_brand?post=572932"},{"taxonomy":"product_cat","embeddable":true,"href":"https:\/\/games.tactic.net\/no\/wp-json\/wp\/v2\/product_cat?post=572932"},{"taxonomy":"product_tag","embeddable":true,"href":"https:\/\/games.tactic.net\/no\/wp-json\/wp\/v2\/product_tag?post=572932"},{"taxonomy":"brand","embeddable":true,"href":"https:\/\/games.tactic.net\/no\/wp-json\/wp\/v2\/brand?post=572932"},{"taxonomy":"target-group","embeddable":true,"href":"https:\/\/games.tactic.net\/no\/wp-json\/wp\/v2\/target-group?post=572932"},{"taxonomy":"discontinued","embeddable":true,"href":"https:\/\/games.tactic.net\/no\/wp-json\/wp\/v2\/discontinued?post=572932"}],"curies":[{"name":"wp","href":"https:\/\/api.w.org\/{rel}","templated":true}]}}